{"id":659205,"date":"2024-04-03T17:46:45","date_gmt":"2024-04-03T17:46:45","guid":{"rendered":"https:\/\/onyxgfx.com\/?page_id=659205"},"modified":"2025-12-13T19:47:51","modified_gmt":"2025-12-14T02:47:51","slug":"updates-and-patches","status":"publish","type":"page","link":"https:\/\/onyxgfx.com\/de\/updates-and-patches\/","title":{"rendered":"UPDATES UND PATCHES"},"content":{"rendered":"<div id=\"pl-659205\"  class=\"panel-layout\" ><div id=\"pg-659205-0\"  class=\"panel-grid panel-has-style\" ><div class=\"hero-section siteorigin-panels-stretch panel-row-style panel-row-style-for-659205-0\" data-stretch-type=\"full\" ><div class=\"so-panels-full-wrapper\" ><div id=\"pgc-659205-0-0\"  class=\"panel-grid-cell\" ><div id=\"panel-659205-0-0-0\" class=\"so-panel widget widget_sow-image panel-first-child\" data-index=\"0\" ><div\n\t\t\t\n\t\t\tclass=\"so-widget-sow-image so-widget-sow-image-default-dbf295114b96-659205\"\n\t\t\t\n\t\t>\n<div class=\"sow-image-container\">\n\t\t<img decoding=\"async\" src=\"https:\/\/onyxgfx.com\/wp-content\/uploads\/2025\/06\/inner-banner.jpg\" width=\"1620\" height=\"521\" srcset=\"https:\/\/onyxgfx.com\/wp-content\/uploads\/2025\/06\/inner-banner.jpg 1620w, https:\/\/onyxgfx.com\/wp-content\/uploads\/2025\/06\/inner-banner-300x96.jpg 300w, https:\/\/onyxgfx.com\/wp-content\/uploads\/2025\/06\/inner-banner-1024x329.jpg 1024w, https:\/\/onyxgfx.com\/wp-content\/uploads\/2025\/06\/inner-banner-768x247.jpg 768w, https:\/\/onyxgfx.com\/wp-content\/uploads\/2025\/06\/inner-banner-1536x494.jpg 1536w\" sizes=\"(max-width: 1620px) 100vw, 1620px\" alt=\"Abstract geometric background with overlapping blue and navy diagonal shapes and lines, ideal for printing projects or use with Onyx Graphics software.\" class=\"so-widget-image\" title=\"\">\n\t<\/div>\n\n<\/div><\/div><div id=\"panel-659205-0-0-1\" class=\"so-panel widget widget_sow-image\" data-index=\"1\" ><div\n\t\t\t\n\t\t\tclass=\"so-widget-sow-image so-widget-sow-image-default-dbf295114b96-659205\"\n\t\t\t\n\t\t>\n<div class=\"sow-image-container\">\n\t\t<img decoding=\"async\" src=\"https:\/\/onyxgfx.com\/wp-content\/uploads\/2025\/06\/inner-banner.jpg\" width=\"1620\" height=\"521\" srcset=\"https:\/\/onyxgfx.com\/wp-content\/uploads\/2025\/06\/inner-banner.jpg 1620w, https:\/\/onyxgfx.com\/wp-content\/uploads\/2025\/06\/inner-banner-300x96.jpg 300w, https:\/\/onyxgfx.com\/wp-content\/uploads\/2025\/06\/inner-banner-1024x329.jpg 1024w, https:\/\/onyxgfx.com\/wp-content\/uploads\/2025\/06\/inner-banner-768x247.jpg 768w, https:\/\/onyxgfx.com\/wp-content\/uploads\/2025\/06\/inner-banner-1536x494.jpg 1536w\" sizes=\"(max-width: 1620px) 100vw, 1620px\" alt=\"Abstract geometric background with overlapping blue and navy diagonal shapes and lines, ideal for printing projects or use with Onyx Graphics software.\" class=\"so-widget-image\" title=\"\">\n\t<\/div>\n\n<\/div><\/div><div id=\"panel-659205-0-0-2\" class=\"so-panel widget widget_siteorigin-panels-builder panel-last-child\" data-index=\"2\" ><div id=\"pl-w6732ac326482e\"  class=\"panel-layout\" ><div id=\"pg-w6732ac326482e-0\"  class=\"panel-grid panel-no-style\" ><div id=\"pgc-w6732ac326482e-0-0\"  class=\"panel-grid-cell\" ><div id=\"panel-w6732ac326482e-0-0-0\" class=\"so-panel widget widget_sow-editor panel-first-child panel-last-child\" data-index=\"0\" ><div\n\t\t\t\n\t\t\tclass=\"so-widget-sow-editor so-widget-sow-editor-base\"\n\t\t\t\n\t\t>\n<div class=\"siteorigin-widget-tinymce textwidget\">\n\t<h1 style=\"text-align: center;\">Updates und Patches<\/h1>\n<\/div>\n<\/div><\/div><\/div><\/div><\/div><\/div><\/div><\/div><\/div><\/div><div id=\"pg-659205-1\"  class=\"panel-grid panel-no-style\" ><div id=\"pgc-659205-1-0\"  class=\"panel-grid-cell\" ><div id=\"panel-659205-1-0-0\" class=\"so-panel widget widget_sow-editor panel-first-child panel-last-child\" data-index=\"3\" ><div\n\t\t\t\n\t\t\tclass=\"so-widget-sow-editor so-widget-sow-editor-base\"\n\t\t\t\n\t\t>\n<div class=\"siteorigin-widget-tinymce textwidget\">\n\t<hr \/>\n<div class=\"flex-page-content editor-content\">\n<div class=\"container\">\n<div class=\"row\">\n<div class=\"col-sm-12\">\n<div class=\"container\">\n<h3>Cutter Patches<\/h3>\n<\/div>\n<div class=\"feature-item\">\n<h4>HP<\/h4>\n<ul>\n<li>Patchdatum 18. April 2024 f\u00fcr Version 22.5.1\n<ul>\n<li><strong>Fr\u00fchere Summa\/HP-Patches (falls vorhanden) m\u00fcssen deinstalliert werden.<\/strong> bevor Sie den neuesten Patch installieren. Bitte deinstallieren Sie die vorherige Patch-Version mit den folgenden Schritten:\n<ol>\n<li>F\u00fchren Sie die vorherige Version patch.exe erneut mit der Option deinstallieren aus.<\/li>\n<li>Starten Sie neu und f\u00fchren Sie dann den neuen Patch aus.<\/li>\n<\/ol>\n<\/li>\n<li>OPOS-Benutzerauswahlen zum HP Latex Plus Cutter hinzugef\u00fcgt.\n<ul>\n<li>Implementierung des Summa S3-Treibers.<\/li>\n<li>Es wurde ein Problem behoben, bei dem der HP Latex-Schneideplotter bei der Verwendung von HP Barcodes versetzte Schneidepfade aufweist.<\/li>\n<li>Implementierung der neuesten Summa SDK-Revision (rev1123).<\/li>\n<li>Verbesserte Roll-Server-Konnektivit\u00e4t.<\/li>\n<li>Summa S2 und S3 Schnittpfadkorrekturen.<\/li>\n<li>Summa F f\u00fcgt nicht mehr die OXF-Erweiterung zu Code39-Barcodes hinzu.<\/li>\n<li>Problem mit sequentiellen Summa-Roll-Auftr\u00e4gen behoben.<\/li>\n<li>Optimierungen der Summa-USB-Konnektivit\u00e4t.<\/li>\n<\/ul>\n<\/li>\n<li><a href=\"https:\/\/onyxgfx0-my.sharepoint.com\/:u:\/g\/personal\/onyxdrivers_onyxgfx_com\/ESu6w3_wRtZNqPVBqfpmaBIB9GJrvgxXUtHkfW2R0TQFIw?e=H0RkrO\" target=\"_blank\" rel=\"noopener\">Summa-HP Combined Cutter Update f\u00fcr 22.5.1<\/a><\/li>\n<\/ul>\n<\/li>\n<\/ul>\n<\/div>\n<div class=\"feature-item\">\n<div class=\"text\">\n<h4>Summa<\/h4>\n<ul>\n<li>Patchdatum 18. April 2024 f\u00fcr Version 22.5.1\n<ul>\n<li><strong>Fr\u00fchere Summa\/HP-Patches (falls vorhanden) m\u00fcssen deinstalliert werden.<\/strong> bevor Sie den neuesten Patch installieren. Bitte deinstallieren Sie die vorherige Patch-Version mit den folgenden Schritten:\n<ol>\n<li>F\u00fchren Sie die vorherige Version patch.exe erneut mit der Option deinstallieren aus.<\/li>\n<li>Starten Sie neu und f\u00fchren Sie dann den neuen Patch aus.<\/li>\n<\/ol>\n<\/li>\n<li>OPOS-Benutzerauswahlen zum HP Latex Plus Cutter hinzugef\u00fcgt.\n<ul>\n<li>Implementierung des Summa S3-Treibers.<\/li>\n<li>Es wurde ein Problem behoben, bei dem der HP Latex-Schneideplotter bei der Verwendung von HP Barcodes versetzte Schneidepfade aufweist.<\/li>\n<li>Implementierung der neuesten Summa SDK-Revision (rev1123).<\/li>\n<li>Verbesserte Roll-Server-Konnektivit\u00e4t.<\/li>\n<li>Summa S2 und S3 Schnittpfadkorrekturen.<\/li>\n<li>Summa F f\u00fcgt nicht mehr die OXF-Erweiterung zu Code39-Barcodes hinzu.<\/li>\n<li>Problem mit sequentiellen Summa-Roll-Auftr\u00e4gen behoben.<\/li>\n<li>Optimierungen der Summa-USB-Konnektivit\u00e4t.<\/li>\n<\/ul>\n<\/li>\n<li><a href=\"https:\/\/onyxgfx0-my.sharepoint.com\/:u:\/g\/personal\/onyxdrivers_onyxgfx_com\/ESu6w3_wRtZNqPVBqfpmaBIB9GJrvgxXUtHkfW2R0TQFIw?e=H0RkrO\" target=\"_blank\" rel=\"noopener\">Summa-HP Combined Cutter Update f\u00fcr 22.5.1<\/a><\/li>\n<\/ul>\n<\/li>\n<\/ul>\n<\/div>\n<\/div>\n<\/div>\n<\/div>\n<\/div>\n<\/div>\n<p><!-- wp:heading {\"level\":4} --><\/p>\n<h4 class=\"wp-block-heading\">Graphtec<\/h4>\n<p><!-- \/wp:heading --><!-- wp:list --><\/p>\n<ul>\n<li style=\"list-style-type: none;\">\n<ul><!-- wp:list-item --><\/p>\n<li>Patchdatum 20. Mai 2024 f\u00fcr Version 22.5.1<!-- wp:list -->\n<ul>\n<li style=\"list-style-type: none;\">\n<ul><!-- wp:list-item --><\/p>\n<li><strong><\/strong><strong>Alle fr\u00fcheren Graphtec-Cutter-Patch-Installationen m\u00fcssen deinstalliert werden, da der Patch Skripte enth\u00e4lt, die bestimmte Dateien von Onyx 22.5.1 (THRIVE\/RIP\/GO)-Installationen ersetzen.<\/strong> Bevor Sie den neuesten Patch installieren, deinstallieren Sie bitte die vorherige Patch-Version mit den folgenden Schritten:<!-- wp:list {\"ordered\":true} -->\n<ol>\n<li style=\"list-style-type: none;\">\n<ol><!-- wp:list-item --><\/p>\n<li>F\u00fchren Sie die vorherige Version patch.exe erneut mit der Option deinstallieren aus.<\/li>\n<\/ol>\n<\/li>\n<\/ol>\n<p><!-- \/wp:list-item --><!-- wp:list-item --><\/p>\n<ol>\n<li style=\"list-style-type: none;\">\n<ol>\n<li>Starten Sie neu und f\u00fchren Sie dann den neuen Patch aus.<\/li>\n<\/ol>\n<\/li>\n<\/ol>\n<p><!-- \/wp:list-item --><\/p>\n<p><!-- \/wp:list --><\/li>\n<\/ul>\n<\/li>\n<\/ul>\n<p><!-- \/wp:list-item --><!-- wp:list-item --><\/p>\n<ul>\n<li style=\"list-style-type: none;\">\n<ul>\n<li>Dieser Patch enth\u00e4lt:<!-- wp:list -->\n<ul>\n<li style=\"list-style-type: none;\">\n<ul><!-- wp:list-item --><\/p>\n<li>Graphtec FC9000\/CE7000<!-- wp:list -->\n<ul>\n<li style=\"list-style-type: none;\">\n<ul><!-- wp:list-item --><\/p>\n<li>Probleme beim Schneiden von Segmenten bei kleinen Auftr\u00e4gen wurden behoben.<\/li>\n<\/ul>\n<\/li>\n<\/ul>\n<p><!-- \/wp:list-item --><!-- wp:list-item --><\/p>\n<ul>\n<li style=\"list-style-type: none;\">\n<ul>\n<li>Layout Barcode-Korrekturen.<\/li>\n<\/ul>\n<\/li>\n<\/ul>\n<p><!-- \/wp:list-item --><!-- wp:list-item --><\/p>\n<ul>\n<li style=\"list-style-type: none;\">\n<ul>\n<li>Cut-only-Auftr\u00e4ge werden nicht mehr aus CUT-Server heraus abgeschnitten.<\/li>\n<\/ul>\n<\/li>\n<\/ul>\n<p><!-- \/wp:list-item --><!-- wp:list-item --><\/p>\n<ul>\n<li style=\"list-style-type: none;\">\n<ul>\n<li>Korrekturen der vertikalen Zwischenabtastung Typ 2.<\/li>\n<\/ul>\n<\/li>\n<\/ul>\n<p><!-- \/wp:list-item --><\/p>\n<p><!-- \/wp:list --><\/li>\n<\/ul>\n<\/li>\n<\/ul>\n<p><!-- \/wp:list-item --><!-- wp:list-item --><\/p>\n<ul>\n<li style=\"list-style-type: none;\">\n<ul>\n<li>Graphtec Allgemein<!-- wp:list -->\n<ul>\n<li style=\"list-style-type: none;\">\n<ul><!-- wp:list-item --><\/p>\n<li>Es wurde eine Benutzeroption f\u00fcr Richtungsmarkierungen geschaffen.<\/li>\n<\/ul>\n<\/li>\n<\/ul>\n<p><!-- \/wp:list-item --><\/p>\n<p><!-- \/wp:list --><\/li>\n<\/ul>\n<\/li>\n<\/ul>\n<p><!-- \/wp:list-item --><\/p>\n<p><!-- \/wp:list --><\/li>\n<\/ul>\n<\/li>\n<\/ul>\n<p><!-- \/wp:list-item --><!-- wp:list-item --><\/p>\n<ul>\n<li style=\"list-style-type: none;\">\n<ul>\n<li><a title=\"\" href=\"https:\/\/onyxgfx0-my.sharepoint.com\/:u:\/g\/personal\/onyxdrivers_onyxgfx_com\/EcUMpUFsohFGnVPT8xAK2boBm9WiBCXyQ4EhtVa0kDpuhQ?e=2wAWZ2\" target=\"_blank\" rel=\"noopener\">Graphtec Cutter Update f\u00fcr 22.5.1<\/a><\/li>\n<\/ul>\n<\/li>\n<\/ul>\n<p><!-- \/wp:list-item --><\/p>\n<p><!-- \/wp:list --><\/li>\n<\/ul>\n<\/li>\n<\/ul>\n<p><!-- \/wp:list-item --><\/p>\n<p><!-- \/wp:list --><\/p>\n<\/div>\n<\/div><\/div><\/div><\/div><\/div>","protected":false},"excerpt":{"rendered":"<p>Cutter Patches HP Patch date 18 April, 2024 for version 22.5.1 Previous Summa\/HP patches (if present) will need to be uninstalled before implementing the latest patch. Please uninstall the previous patch version with the following&#8230; <br \/><a class=\"read-more\" title=\"GANZE GESCHICHTE\" href=\"https:\/\/onyxgfx.com\/de\/updates-and-patches\/\">Mehr lesen<\/a><\/p>","protected":false},"author":5518,"featured_media":0,"parent":0,"menu_order":0,"comment_status":"closed","ping_status":"closed","template":"","meta":{"_acf_changed":false,"inline_featured_image":false,"_genesis_hide_title":false,"_genesis_hide_breadcrumbs":false,"_genesis_hide_singular_image":false,"_genesis_hide_footer_widgets":false,"_genesis_custom_body_class":"","_genesis_custom_post_class":"","_genesis_layout":"","footnotes":""},"class_list":{"0":"post-659205","1":"page","2":"type-page","3":"status-publish","5":"entry","6":"has-post-thumbnail"},"acf":[],"_links":{"self":[{"href":"https:\/\/onyxgfx.com\/de\/wp-json\/wp\/v2\/pages\/659205","targetHints":{"allow":["GET"]}}],"collection":[{"href":"https:\/\/onyxgfx.com\/de\/wp-json\/wp\/v2\/pages"}],"about":[{"href":"https:\/\/onyxgfx.com\/de\/wp-json\/wp\/v2\/types\/page"}],"author":[{"embeddable":true,"href":"https:\/\/onyxgfx.com\/de\/wp-json\/wp\/v2\/users\/5518"}],"replies":[{"embeddable":true,"href":"https:\/\/onyxgfx.com\/de\/wp-json\/wp\/v2\/comments?post=659205"}],"version-history":[{"count":0,"href":"https:\/\/onyxgfx.com\/de\/wp-json\/wp\/v2\/pages\/659205\/revisions"}],"wp:attachment":[{"href":"https:\/\/onyxgfx.com\/de\/wp-json\/wp\/v2\/media?parent=659205"}],"curies":[{"name":"wp","href":"https:\/\/api.w.org\/{rel}","templated":true}]}}