{"id":664735,"date":"2024-10-30T21:38:26","date_gmt":"2024-10-30T21:38:26","guid":{"rendered":"https:\/\/onyxgfx.com\/?page_id=664735"},"modified":"2025-12-13T19:48:04","modified_gmt":"2025-12-14T02:48:04","slug":"wrapping","status":"publish","type":"page","link":"https:\/\/onyxgfx.com\/de\/wrapping\/","title":{"rendered":"Verpackung"},"content":{"rendered":"<div id=\"pl-664735\"  class=\"panel-layout\" ><div id=\"pg-664735-0\"  class=\"panel-grid panel-has-style\" ><div class=\"hero-section siteorigin-panels-stretch panel-row-style panel-row-style-for-664735-0\" data-stretch-type=\"full\" ><div class=\"so-panels-full-wrapper\" ><div id=\"pgc-664735-0-0\"  class=\"panel-grid-cell\" ><div id=\"panel-664735-0-0-0\" class=\"so-panel widget widget_sow-image panel-first-child\" data-index=\"0\" ><div\n\t\t\t\n\t\t\tclass=\"so-widget-sow-image so-widget-sow-image-default-dbf295114b96-664735\"\n\t\t\t\n\t\t>\n<div class=\"sow-image-container\">\n\t\t<img decoding=\"async\" src=\"https:\/\/onyxgfx.com\/wp-content\/uploads\/2025\/06\/inner-banner.jpg\" width=\"1620\" height=\"521\" srcset=\"https:\/\/onyxgfx.com\/wp-content\/uploads\/2025\/06\/inner-banner.jpg 1620w, https:\/\/onyxgfx.com\/wp-content\/uploads\/2025\/06\/inner-banner-300x96.jpg 300w, https:\/\/onyxgfx.com\/wp-content\/uploads\/2025\/06\/inner-banner-1024x329.jpg 1024w, https:\/\/onyxgfx.com\/wp-content\/uploads\/2025\/06\/inner-banner-768x247.jpg 768w, https:\/\/onyxgfx.com\/wp-content\/uploads\/2025\/06\/inner-banner-1536x494.jpg 1536w\" sizes=\"(max-width: 1620px) 100vw, 1620px\" alt=\"Abstract geometric background with overlapping blue and navy diagonal shapes and lines, ideal for printing projects or use with Onyx Graphics software.\" class=\"so-widget-image\" title=\"\">\n\t<\/div>\n\n<\/div><\/div><div id=\"panel-664735-0-0-1\" class=\"so-panel widget widget_sow-image\" data-index=\"1\" ><div\n\t\t\t\n\t\t\tclass=\"so-widget-sow-image so-widget-sow-image-default-dbf295114b96-664735\"\n\t\t\t\n\t\t>\n<div class=\"sow-image-container\">\n\t\t<img decoding=\"async\" src=\"https:\/\/onyxgfx.com\/wp-content\/uploads\/2025\/06\/inner-banner.jpg\" width=\"1620\" height=\"521\" srcset=\"https:\/\/onyxgfx.com\/wp-content\/uploads\/2025\/06\/inner-banner.jpg 1620w, https:\/\/onyxgfx.com\/wp-content\/uploads\/2025\/06\/inner-banner-300x96.jpg 300w, https:\/\/onyxgfx.com\/wp-content\/uploads\/2025\/06\/inner-banner-1024x329.jpg 1024w, https:\/\/onyxgfx.com\/wp-content\/uploads\/2025\/06\/inner-banner-768x247.jpg 768w, https:\/\/onyxgfx.com\/wp-content\/uploads\/2025\/06\/inner-banner-1536x494.jpg 1536w\" sizes=\"(max-width: 1620px) 100vw, 1620px\" alt=\"Abstract geometric background with overlapping blue and navy diagonal shapes and lines, ideal for printing projects or use with Onyx Graphics software.\" class=\"so-widget-image\" title=\"\">\n\t<\/div>\n\n<\/div><\/div><div id=\"panel-664735-0-0-2\" class=\"so-panel widget widget_siteorigin-panels-builder panel-last-child\" data-index=\"2\" ><div id=\"pl-w687961960016b\"  class=\"panel-layout\" ><div id=\"pg-w687961960016b-0\"  class=\"panel-grid panel-no-style\" ><div id=\"pgc-w687961960016b-0-0\"  class=\"panel-grid-cell\" ><div id=\"panel-w687961960016b-0-0-0\" class=\"so-panel widget widget_sow-editor panel-first-child panel-last-child\" data-index=\"0\" ><div class=\"aos-init panel-widget-style panel-widget-style-for-w687961960016b-0-0-0\" data-aos=\"fade-up\" data-aos-duration=\"600\" data-aos-easing=\"linear\" data-aos-delay=\"300\" data-aos-anchor-placement=\"top-bottom\" data-aos-once=\"true\" ><div\n\t\t\t\n\t\t\tclass=\"so-widget-sow-editor so-widget-sow-editor-base\"\n\t\t\t\n\t\t>\n<div class=\"siteorigin-widget-tinymce textwidget\">\n\t<h1 style=\"text-align: center;\">Verpackung<\/h1>\n<h4 style=\"text-align: center;\">Nahtlose Farbe und Passform f\u00fcr Fahrzeug- und Oberfl\u00e4chenverklebungen<\/h4>\n<p style=\"text-align: center;\"><a class=\"button white-blue\" href=\"https:\/\/onyxgfx.com\/free-trial\/\">Entdecken Sie unsere Produkte<\/a><\/p>\n<\/div>\n<\/div><\/div><\/div><\/div><\/div><\/div><\/div><\/div><\/div><\/div><\/div><div id=\"pg-664735-1\"  class=\"panel-grid panel-has-style\" ><div class=\"intro-section top-gap-small siteorigin-panels-stretch panel-row-style panel-row-style-for-664735-1\" data-stretch-type=\"full\" ><div class=\"so-panels-full-wrapper\" ><div id=\"pgc-664735-1-0\"  class=\"panel-grid-cell\" ><div id=\"panel-664735-1-0-0\" class=\"so-panel widget widget_sow-editor panel-first-child panel-last-child\" data-index=\"3\" ><div class=\"aos-init panel-widget-style panel-widget-style-for-664735-1-0-0\" data-aos=\"fade-up\" data-aos-duration=\"600\" data-aos-easing=\"linear\" data-aos-delay=\"600\" data-aos-anchor-placement=\"top-bottom\" data-aos-once=\"true\" ><div\n\t\t\t\n\t\t\tclass=\"so-widget-sow-editor so-widget-sow-editor-base\"\n\t\t\t\n\t\t>\n<div class=\"siteorigin-widget-tinymce textwidget\">\n\t<h2 style=\"text-align: left;\">Was ist Wrapping in der Druckproduktion?<\/h2>\n<p>Unter Wrapping versteht man das Aufbringen von bedrucktem Vinyl auf eine Oberfl\u00e4che - meist auf Fahrzeuge, W\u00e4nde, Fenster oder architektonische Elemente.<\/p>\n<p>Dabei wird speziell entwickeltes Vinyl bedruckt, zur besseren Haltbarkeit laminiert und dann mit Hilfe von Werkzeugen und Hitze auf die vorgesehene Oberfl\u00e4che aufgebracht.<\/p>\n<p><a class=\"button\" href=\"https:\/\/onyxgfx.com\/free-trial\/\">Mehr erfahren<\/a><\/p>\n<\/div>\n<\/div><\/div><\/div><\/div><div id=\"pgc-664735-1-1\"  class=\"panel-grid-cell\" ><div id=\"panel-664735-1-1-0\" class=\"so-panel widget widget_sow-image panel-first-child panel-last-child\" data-index=\"4\" ><div class=\"aos-init panel-widget-style panel-widget-style-for-664735-1-1-0\" data-aos=\"fade-up\" data-aos-duration=\"600\" data-aos-easing=\"linear\" data-aos-delay=\"300\" data-aos-anchor-placement=\"top-bottom\" data-aos-once=\"true\" ><div\n\t\t\t\n\t\t\tclass=\"so-widget-sow-image so-widget-sow-image-default-c67d20f9f743-664735\"\n\t\t\t\n\t\t>\n<div class=\"sow-image-container\">\n\t\t<img \n\tsrc=\"https:\/\/onyxgfx.com\/wp-content\/uploads\/2025\/07\/Group-62.png\" width=\"680\" height=\"620\" srcset=\"https:\/\/onyxgfx.com\/wp-content\/uploads\/2025\/07\/Group-62.png 680w, https:\/\/onyxgfx.com\/wp-content\/uploads\/2025\/07\/Group-62-300x274.png 300w\" sizes=\"(max-width: 680px) 100vw, 680px\" title=\"Gruppe 62\" alt=\"A person wearing gloves uses cutting tools to apply a camouflage vinyl wrap to the hood of a sports car in a garage, ensuring precision often achieved with RIP Software like Onyx Graphics.\" \t\tclass=\"so-widget-image\"\/>\n\t<\/div>\n\n<\/div><\/div><\/div><\/div><\/div><\/div><\/div><div id=\"pg-664735-2\"  class=\"panel-grid panel-has-style\" ><div class=\"siteorigin-panels-stretch panel-row-style panel-row-style-for-664735-2\" data-stretch-type=\"full\" ><div class=\"so-panels-full-wrapper\" ><div id=\"pgc-664735-2-0\"  class=\"panel-grid-cell\" ><div id=\"panel-664735-2-0-0\" class=\"so-panel widget widget_sow-editor panel-first-child panel-last-child\" data-index=\"5\" ><div\n\t\t\t\n\t\t\tclass=\"so-widget-sow-editor so-widget-sow-editor-base\"\n\t\t\t\n\t\t>\n<div class=\"siteorigin-widget-tinymce textwidget\">\n\t<h5>Kompatibel mit \u00fcber 2000 Druckern und Schneideplottern<\/h5>\n<\/div>\n<\/div><\/div><\/div><div id=\"pgc-664735-2-1\"  class=\"panel-grid-cell\" ><div id=\"panel-664735-2-1-0\" class=\"so-panel widget widget_sow-image panel-first-child panel-last-child\" data-index=\"6\" ><div\n\t\t\t\n\t\t\tclass=\"so-widget-sow-image so-widget-sow-image-default-8b5b6f678277-664735\"\n\t\t\t\n\t\t>\n<div class=\"sow-image-container\">\n\t\t<img \n\tsrc=\"https:\/\/onyxgfx.com\/wp-content\/uploads\/2025\/07\/Screenshot-2025-04-17-at-110621 PM-1.png\" width=\"758\" height=\"79\" srcset=\"https:\/\/onyxgfx.com\/wp-content\/uploads\/2025\/07\/Screenshot-2025-04-17-at-110621%20PM-1.png 758w, https:\/\/onyxgfx.com\/wp-content\/uploads\/2025\/07\/Screenshot-2025-04-17-at-110621%20PM-1-300x31.png 300w\" sizes=\"(max-width: 758px) 100vw, 758px\" title=\"Bildschirmfoto 2025-04-17 um 110621 PM 1\" alt=\"Logos of six printer brands in a row\u2014Mimaki, HP, Epson, Brother, Fujifilm, and Canon\u2014are displayed in grayscale, representing top choices for professional Printing and RIP Software like Onyx Graphics.\" \t\tclass=\"so-widget-image\"\/>\n\t<\/div>\n\n<\/div><\/div><\/div><\/div><\/div><\/div><div id=\"pg-664735-3\"  class=\"panel-grid panel-has-style\" ><div class=\"advantages-section top-gap bottom-gap siteorigin-panels-stretch panel-row-style panel-row-style-for-664735-3\" data-stretch-type=\"full\" ><div class=\"so-panels-full-wrapper\" ><div id=\"pgc-664735-3-0\"  class=\"panel-grid-cell\" ><div id=\"panel-664735-3-0-0\" class=\"so-panel widget widget_sow-editor panel-first-child\" data-index=\"7\" ><div class=\"bottom-gap-small panel-widget-style panel-widget-style-for-664735-3-0-0\" ><div\n\t\t\t\n\t\t\tclass=\"so-widget-sow-editor so-widget-sow-editor-base\"\n\t\t\t\n\t\t>\n<div class=\"siteorigin-widget-tinymce textwidget\">\n\t<h2>Warum sollten Sie sich f\u00fcr ONYX RIP-Software f\u00fcr Verpackungen entscheiden?<\/h2>\n<\/div>\n<\/div><\/div><\/div><div id=\"panel-664735-3-0-1\" class=\"so-panel widget widget_sow-tabs panel-last-child\" data-index=\"8\" ><div\n\t\t\t\n\t\t\tclass=\"so-widget-sow-tabs so-widget-sow-tabs-default-23e75edd8bac-664735\"\n\t\t\t\n\t\t><div class=\"sow-tabs\">\n\t<div class=\"sow-tabs-tab-container\" role=\"tablist\">\n\t\t\t<div\n\t\t\tclass=\"sow-tabs-tab\t\t\t sow-tabs-tab-selected\"\n\t\t\trole=\"tab\"\n\t\t\tdata-anchor-id=\"advanced-nesting-and-layout-tools\"\n\t\t\taria-selected=\"true\"\n\t\t\ttabindex=\"0\"\n\t\t>\n\t\t\t<div class=\"sow-tabs-title sow-tabs-title-icon-left\">\n\t\t\t\t\t\t\t\tErweiterte Verschachtelungs- und Layout-Werkzeuge\t\t\t\t\t\t\t<\/div>\n\t\t<\/div>\n\t\t\t<div\n\t\t\tclass=\"sow-tabs-tab\"\n\t\t\trole=\"tab\"\n\t\t\tdata-anchor-id=\"accurate-color-management\"\n\t\t\taria-selected=\"false\"\n\t\t\ttabindex=\"0\"\n\t\t>\n\t\t\t<div class=\"sow-tabs-title sow-tabs-title-icon-left\">\n\t\t\t\t\t\t\t\tExaktes Farbmanagement\t\t\t\t\t\t\t<\/div>\n\t\t<\/div>\n\t\t\t<div\n\t\t\tclass=\"sow-tabs-tab\"\n\t\t\trole=\"tab\"\n\t\t\tdata-anchor-id=\"seamless-print-and-cut-workflow\"\n\t\t\taria-selected=\"false\"\n\t\t\ttabindex=\"0\"\n\t\t>\n\t\t\t<div class=\"sow-tabs-title sow-tabs-title-icon-left\">\n\t\t\t\t\t\t\t\tNahtloser Print-and-Cut-Workflow\t\t\t\t\t\t\t<\/div>\n\t\t<\/div>\n\t\t\t<div\n\t\t\tclass=\"sow-tabs-tab\"\n\t\t\trole=\"tab\"\n\t\t\tdata-anchor-id=\"high-resolution-printing\"\n\t\t\taria-selected=\"false\"\n\t\t\ttabindex=\"0\"\n\t\t>\n\t\t\t<div class=\"sow-tabs-title sow-tabs-title-icon-left\">\n\t\t\t\t\t\t\t\tHochaufl\u00f6sender Druck\t\t\t\t\t\t\t<\/div>\n\t\t<\/div>\n\t\t\t<div\n\t\t\tclass=\"sow-tabs-tab\"\n\t\t\trole=\"tab\"\n\t\t\tdata-anchor-id=\"automated-workflow-management\"\n\t\t\taria-selected=\"false\"\n\t\t\ttabindex=\"0\"\n\t\t>\n\t\t\t<div class=\"sow-tabs-title sow-tabs-title-icon-left\">\n\t\t\t\t\t\t\t\tAutomatisiertes Workflow-Management\t\t\t\t\t\t\t<\/div>\n\t\t<\/div>\n\t\t<\/div>\n\n\t<div class=\"sow-tabs-panel-container\">\n\t\t\t<div class=\"sow-tabs-panel\">\n\t\t\t<div\n\t\t\t\tclass=\"sow-tabs-panel-content\"\n\t\t\t\trole=\"tabpanel\"\n\t\t\t\taria-hidden=\"false\"\n\t\t\t>\n\t\t\t\t<h4>Erweiterte Verschachtelungs- und Layout-Werkzeuge<\/h4>\n<p>Die formbasierte Verschachtelung von ONYX optimiert die Materialnutzung, indem die Designs effizient auf die Folie eingepasst werden und der Abfall minimiert wird. Dies gew\u00e4hrleistet eine kosteneffiziente Produktion, insbesondere bei gro\u00dfen oder komplexen Verpackungen.<\/p>\n\t\t\t<\/div>\n\t\t<\/div>\n\t\t\t<div class=\"sow-tabs-panel\">\n\t\t\t<div\n\t\t\t\tclass=\"sow-tabs-panel-content\"\n\t\t\t\trole=\"tabpanel\"\n\t\t\t\taria-hidden=\"true\"\n\t\t\t>\n\t\t\t\t<h4>Exaktes Farbmanagement<\/h4>\n<p>ONYX gew\u00e4hrleistet eine konsistente Farbwiedergabe \u00fcber mehrere Druckauftr\u00e4ge und Drucker hinweg. Dies ist entscheidend f\u00fcr die Wahrung der Markenkonsistenz bei der Fahrzeugbeklebung von Flotten oder Unternehmen.<\/p>\n\t\t\t<\/div>\n\t\t<\/div>\n\t\t\t<div class=\"sow-tabs-panel\">\n\t\t\t<div\n\t\t\t\tclass=\"sow-tabs-panel-content\"\n\t\t\t\trole=\"tabpanel\"\n\t\t\t\taria-hidden=\"true\"\n\t\t\t>\n\t\t\t\t<h4>Nahtloser Print-and-Cut-Workflow<\/h4>\n<p>Die Software l\u00e4sst sich in Schneidemaschinen integrieren, erzeugt automatisch Schnittpfade und richtet die Drucke f\u00fcr pr\u00e4zise Schnitte aus. Dies tr\u00e4gt dazu bei, dass die Folie perfekt auf unregelm\u00e4\u00dfige Oberfl\u00e4chen wie Fahrzeuge oder architektonische Elemente passt.<\/p>\n\t\t\t<\/div>\n\t\t<\/div>\n\t\t\t<div class=\"sow-tabs-panel\">\n\t\t\t<div\n\t\t\t\tclass=\"sow-tabs-panel-content\"\n\t\t\t\trole=\"tabpanel\"\n\t\t\t\taria-hidden=\"true\"\n\t\t\t>\n\t\t\t\t<h4>Hochaufl\u00f6sender Druck<\/h4>\n<p>Mit ONYX k\u00f6nnen Druckereien die Aufl\u00f6sungseinstellungen f\u00fcr scharfe, detaillierte Bilder anpassen, egal ob sie kleine Grafiken oder gro\u00dfe Ganzk\u00f6rperverpackungen erstellen.<\/p>\n\t\t\t<\/div>\n\t\t<\/div>\n\t\t\t<div class=\"sow-tabs-panel\">\n\t\t\t<div\n\t\t\t\tclass=\"sow-tabs-panel-content\"\n\t\t\t\trole=\"tabpanel\"\n\t\t\t\taria-hidden=\"true\"\n\t\t\t>\n\t\t\t\t<h4>Automatisiertes Workflow-Management<\/h4>\n<p>ONYX rationalisiert die Produktion durch automatisierte Druckwarteschlangen und Hotfolder, wodurch die Fehleranf\u00e4lligkeit verringert und der Druck- und Anwendungsprozess beschleunigt wird.<\/p>\n\t\t\t<\/div>\n\t\t<\/div>\n\t\t<\/div>\n<\/div>\n<\/div><\/div><\/div><\/div><\/div><\/div><div id=\"pg-664735-4\"  class=\"panel-grid panel-has-style\" ><div class=\"panel-row-style panel-row-style-for-664735-4\" ><div id=\"pgc-664735-4-0\"  class=\"panel-grid-cell\" ><div id=\"panel-664735-4-0-0\" class=\"so-panel widget widget_sow-editor panel-first-child panel-last-child\" data-index=\"9\" ><div class=\"circle-good-checklist panel-widget-style panel-widget-style-for-664735-4-0-0\" ><div\n\t\t\t\n\t\t\tclass=\"so-widget-sow-editor so-widget-sow-editor-base\"\n\t\t\t\n\t\t>\n<div class=\"siteorigin-widget-tinymce textwidget\">\n\t<h2>Warum sollten Sie sich f\u00fcr ONYX RIP-Software f\u00fcr Verpackungen entscheiden?<\/h2>\n<ul>\n<li><strong>Individuelle Fahrzeugvollverklebungen:<\/strong> Erstellen Sie lebendige, pr\u00e4zise Designs f\u00fcr Autos, Lastwagen oder Flotten, die sich nahtlos einf\u00fcgen und sowohl das pers\u00f6nliche als auch das gesch\u00e4ftliche Branding verst\u00e4rken.<\/li>\n<li><strong>Architektonische Wraps:<\/strong> Entwerfen Sie Wraps f\u00fcr W\u00e4nde, Fenster oder M\u00f6bel und verwandeln Sie Innenr\u00e4ume und Schaufenster mit eindrucksvollen Motiven.<\/li>\n<li><strong>Wraps f\u00fcr die Schifffahrt und Spezialanwendungen:<\/strong> Wir entwickeln haltbare Ummantelungen f\u00fcr Boote, Motorr\u00e4der und Ger\u00e4te, damit diese den rauen Bedingungen standhalten und gleichzeitig gut aussehen.<\/li>\n<li><strong>Jederzeit perfekte Passform:<\/strong> Die fortschrittlichen Verschachtelungs- und Layout-Tools von ONYX RIP stellen sicher, dass die Verpackungen korrekt dimensioniert und positioniert werden, wodurch Ausrichtungsfehler minimiert und Material eingespart wird.<\/li>\n<li><strong>Konsistente Farbanpassung:<\/strong> Mit den Farbmanagement-Tools von ONYX k\u00f6nnen Sie zuverl\u00e4ssige, qualitativ hochwertige Farben auf verschiedenen Druckern und Materialien erzielen und so sicherstellen, dass das Branding \u00fcber alle Projekte hinweg konsistent bleibt.<\/li>\n<\/ul>\n<\/div>\n<\/div><\/div><\/div><\/div><\/div><\/div><div id=\"pg-664735-5\"  class=\"panel-grid panel-has-style\" ><div class=\"bottom-gap panel-row-style panel-row-style-for-664735-5\" ><div id=\"pgc-664735-5-0\"  class=\"panel-grid-cell\" ><div id=\"panel-664735-5-0-0\" class=\"so-panel widget widget_siteorigin-panels-builder panel-first-child panel-last-child\" data-index=\"10\" ><div class=\"top-gap-small panel-widget-style panel-widget-style-for-664735-5-0-0\" ><div id=\"pl-w687961960adce\"  class=\"panel-layout\" ><div id=\"pg-w687961960adce-0\"  class=\"panel-grid panel-has-style\" ><div class=\"dashboard-boxes panel-row-style panel-row-style-for-w687961960adce-0\" ><div id=\"pgc-w687961960adce-0-0\"  class=\"panel-grid-cell\" ><div id=\"panel-w687961960adce-0-0-0\" class=\"so-panel widget widget_sow-editor panel-first-child\" data-index=\"0\" ><div\n\t\t\t\n\t\t\tclass=\"so-widget-sow-editor so-widget-sow-editor-base\"\n\t\t\t\n\t\t>\n<div class=\"siteorigin-widget-tinymce textwidget\">\n\t<h4>Individuelle Fahrzeugvollverklebungen<\/h4>\n<p>ONYX RIP bietet eine pr\u00e4zise Farbsteuerung und nahtlose Verkleidung, um sicherzustellen, dass die Fahrzeugverklebungen perfekt ausgerichtet sind und die Markenfarben in jeder Kurve \u00fcbereinstimmen.<\/p>\n<\/div>\n<\/div><\/div><div id=\"panel-w687961960adce-0-0-1\" class=\"so-panel widget widget_sow-image panel-last-child\" data-index=\"1\" ><div\n\t\t\t\n\t\t\tclass=\"so-widget-sow-image so-widget-sow-image-default-c67d20f9f743\"\n\t\t\t\n\t\t>\n<div class=\"sow-image-container\">\n\t\t<img \n\tsrc=\"https:\/\/onyxgfx.com\/wp-content\/uploads\/2025\/07\/Bus-wrap-1.jpg\" width=\"631\" height=\"353\" srcset=\"https:\/\/onyxgfx.com\/wp-content\/uploads\/2025\/07\/Bus-wrap-1.jpg 631w, https:\/\/onyxgfx.com\/wp-content\/uploads\/2025\/07\/Bus-wrap-1-300x168.jpg 300w\" sizes=\"(max-width: 631px) 100vw, 631px\" title=\"Bus-Wrap 1\" alt=\"A city bus with a colorful rainbow swirl design\u2014created using advanced printing and RIP software\u2014is parked on a street surrounded by tall modern buildings under a blue sky.\" \t\tclass=\"so-widget-image\"\/>\n\t<\/div>\n\n<\/div><\/div><\/div><div id=\"pgc-w687961960adce-0-1\"  class=\"panel-grid-cell\" ><div id=\"panel-w687961960adce-0-1-0\" class=\"so-panel widget widget_sow-editor panel-first-child\" data-index=\"2\" ><div\n\t\t\t\n\t\t\tclass=\"so-widget-sow-editor so-widget-sow-editor-base\"\n\t\t\t\n\t\t>\n<div class=\"siteorigin-widget-tinymce textwidget\">\n\t<h4>Fenster-Grafiken<\/h4>\n<p>ONYX RIP macht es Ihnen leicht, lebendige, eindrucksvolle Fenstergrafiken auf perforierten oder durchsichtigen Folien zu produzieren - dank fortschrittlicher Schichtung und Transparenz.<\/p>\n<\/div>\n<\/div><\/div><div id=\"panel-w687961960adce-0-1-1\" class=\"so-panel widget widget_sow-image panel-last-child\" data-index=\"3\" ><div\n\t\t\t\n\t\t\tclass=\"so-widget-sow-image so-widget-sow-image-default-c67d20f9f743\"\n\t\t\t\n\t\t>\n<div class=\"sow-image-container\">\n\t\t<img \n\tsrc=\"https:\/\/onyxgfx.com\/wp-content\/uploads\/2025\/07\/Window-Wrap-1-e1751973168798.jpg\" width=\"490\" height=\"286\" srcset=\"https:\/\/onyxgfx.com\/wp-content\/uploads\/2025\/07\/Window-Wrap-1-e1751973168798.jpg 589w, https:\/\/onyxgfx.com\/wp-content\/uploads\/2025\/07\/Window-Wrap-1-e1751973168798-300x175.jpg 300w\" sizes=\"(max-width: 490px) 100vw, 490px\" title=\"Fensterumh\u00fcllung 1\" alt=\"Modern building with large windows decorated with abstract blue, white, and black graphic designs, resembling washing machine doors. Cutting-edge printing by Onyx Graphics enhances the vibrant visuals. Some cars and trees are visible outside.\" \t\tclass=\"so-widget-image\"\/>\n\t<\/div>\n\n<\/div><\/div><\/div><\/div><\/div><div id=\"pg-w687961960adce-1\"  class=\"panel-grid panel-has-style\" ><div class=\"dashboard-boxes panel-row-style panel-row-style-for-w687961960adce-1\" ><div id=\"pgc-w687961960adce-1-0\"  class=\"panel-grid-cell\" ><div id=\"panel-w687961960adce-1-0-0\" class=\"so-panel widget widget_sow-editor panel-first-child\" data-index=\"4\" ><div\n\t\t\t\n\t\t\tclass=\"so-widget-sow-editor so-widget-sow-editor-base\"\n\t\t\t\n\t\t>\n<div class=\"siteorigin-widget-tinymce textwidget\">\n\t<h4>Bodengrafiken und Verkaufsdisplays<\/h4>\n<p>ONYX optimiert die Druckmodi f\u00fcr Langlebigkeit und rutschfeste Oberfl\u00e4chen, ideal f\u00fcr stark frequentierte Bodengrafiken und auff\u00e4llige Beschilderungen im Einzelhandel.<\/p>\n<\/div>\n<\/div><\/div><div id=\"panel-w687961960adce-1-0-1\" class=\"so-panel widget widget_sow-image panel-last-child\" data-index=\"5\" ><div\n\t\t\t\n\t\t\tclass=\"so-widget-sow-image so-widget-sow-image-default-c67d20f9f743\"\n\t\t\t\n\t\t>\n<div class=\"sow-image-container\">\n\t\t<img \n\tsrc=\"https:\/\/onyxgfx.com\/wp-content\/uploads\/2025\/07\/Floor-Graphic-1.jpg\" width=\"621\" height=\"354\" srcset=\"https:\/\/onyxgfx.com\/wp-content\/uploads\/2025\/07\/Floor-Graphic-1.jpg 621w, https:\/\/onyxgfx.com\/wp-content\/uploads\/2025\/07\/Floor-Graphic-1-300x171.jpg 300w\" sizes=\"(max-width: 621px) 100vw, 621px\" title=\"Bodengrafik 1\" alt=\"A colorful floor mat with cartoon animals and flowers, designed by Onyx Graphics, is placed between grocery aisles in a supermarket.\" \t\tclass=\"so-widget-image\"\/>\n\t<\/div>\n\n<\/div><\/div><\/div><div id=\"pgc-w687961960adce-1-1\"  class=\"panel-grid-cell\" ><div id=\"panel-w687961960adce-1-1-0\" class=\"so-panel widget widget_sow-editor panel-first-child\" data-index=\"6\" ><div\n\t\t\t\n\t\t\tclass=\"so-widget-sow-editor so-widget-sow-editor-base\"\n\t\t\t\n\t\t>\n<div class=\"siteorigin-widget-tinymce textwidget\">\n\t<h4>Wandmalereien &amp; Innenarchitektur<\/h4>\n<p>Von Strukturtapeten bis hin zu gro\u00dffl\u00e4chigen Wandbildern - ONYX RIP gew\u00e4hrleistet eine genaue Skalierung, Farbkonsistenz und einfache Verlegung f\u00fcr makellose Innenrauminstallationen.<\/p>\n<\/div>\n<\/div><\/div><div id=\"panel-w687961960adce-1-1-1\" class=\"so-panel widget widget_sow-image panel-last-child\" data-index=\"7\" ><div\n\t\t\t\n\t\t\tclass=\"so-widget-sow-image so-widget-sow-image-default-c67d20f9f743\"\n\t\t\t\n\t\t>\n<div class=\"sow-image-container\">\n\t\t<img \n\tsrc=\"https:\/\/onyxgfx.com\/wp-content\/uploads\/2025\/07\/Wall-Mural-2-1.jpg\" width=\"590\" height=\"331\" srcset=\"https:\/\/onyxgfx.com\/wp-content\/uploads\/2025\/07\/Wall-Mural-2-1.jpg 590w, https:\/\/onyxgfx.com\/wp-content\/uploads\/2025\/07\/Wall-Mural-2-1-300x168.jpg 300w\" sizes=\"(max-width: 590px) 100vw, 590px\" title=\"Fototapete 2 1\" alt=\"Modern conference room with orange chairs around a rectangular table, featuring a colorful abstract mural and large windows. Perfect for creative teams discussing RIP software, cutting solutions, or Onyx Graphics innovations.\" \t\tclass=\"so-widget-image\"\/>\n\t<\/div>\n\n<\/div><\/div><\/div><\/div><\/div><\/div><\/div><\/div><\/div><\/div><\/div><\/div>","protected":false},"excerpt":{"rendered":"<p>What is Wrapping in Print Production? Wrapping\u00a0refers to the process of applying printed vinyl to a surface \u2014 most commonly vehicles, walls, windows, or architectural elements. It involves printing on specially designed vinyl, laminating for&#8230; <br \/><a class=\"read-more\" title=\"GANZE GESCHICHTE\" href=\"https:\/\/onyxgfx.com\/de\/wrapping\/\">Mehr lesen<\/a><\/p>","protected":false},"author":5518,"featured_media":0,"parent":0,"menu_order":0,"comment_status":"closed","ping_status":"closed","template":"","meta":{"_acf_changed":false,"inline_featured_image":false,"_genesis_hide_title":false,"_genesis_hide_breadcrumbs":false,"_genesis_hide_singular_image":false,"_genesis_hide_footer_widgets":false,"_genesis_custom_body_class":"","_genesis_custom_post_class":"","_genesis_layout":"","footnotes":""},"class_list":{"0":"post-664735","1":"page","2":"type-page","3":"status-publish","5":"entry","6":"has-post-thumbnail"},"acf":[],"_links":{"self":[{"href":"https:\/\/onyxgfx.com\/de\/wp-json\/wp\/v2\/pages\/664735","targetHints":{"allow":["GET"]}}],"collection":[{"href":"https:\/\/onyxgfx.com\/de\/wp-json\/wp\/v2\/pages"}],"about":[{"href":"https:\/\/onyxgfx.com\/de\/wp-json\/wp\/v2\/types\/page"}],"author":[{"embeddable":true,"href":"https:\/\/onyxgfx.com\/de\/wp-json\/wp\/v2\/users\/5518"}],"replies":[{"embeddable":true,"href":"https:\/\/onyxgfx.com\/de\/wp-json\/wp\/v2\/comments?post=664735"}],"version-history":[{"count":0,"href":"https:\/\/onyxgfx.com\/de\/wp-json\/wp\/v2\/pages\/664735\/revisions"}],"wp:attachment":[{"href":"https:\/\/onyxgfx.com\/de\/wp-json\/wp\/v2\/media?parent=664735"}],"curies":[{"name":"wp","href":"https:\/\/api.w.org\/{rel}","templated":true}]}}