{"id":665145,"date":"2025-02-15T06:46:51","date_gmt":"2025-02-15T06:46:51","guid":{"rendered":"https:\/\/onyxgfx.com\/?page_id=665145"},"modified":"2025-12-13T19:46:58","modified_gmt":"2025-12-14T02:46:58","slug":"website-terms-of-use","status":"publish","type":"page","link":"https:\/\/onyxgfx.com\/es\/website-terms-of-use\/","title":{"rendered":"Condiciones de uso"},"content":{"rendered":"<div id=\"pl-665145\"  class=\"panel-layout\" ><div id=\"pg-665145-0\"  class=\"panel-grid panel-has-style\" ><div class=\"hero-section siteorigin-panels-stretch panel-row-style panel-row-style-for-665145-0\" data-stretch-type=\"full\" ><div class=\"so-panels-full-wrapper\" ><div id=\"pgc-665145-0-0\"  class=\"panel-grid-cell\" ><div id=\"panel-665145-0-0-0\" class=\"so-panel widget widget_sow-image panel-first-child\" data-index=\"0\" ><div\n\t\t\t\n\t\t\tclass=\"so-widget-sow-image so-widget-sow-image-default-dbf295114b96-665145\"\n\t\t\t\n\t\t>\n<div class=\"sow-image-container\">\n\t\t<img decoding=\"async\" src=\"https:\/\/onyxgfx.com\/wp-content\/uploads\/2025\/06\/inner-banner.jpg\" width=\"1620\" height=\"521\" srcset=\"https:\/\/onyxgfx.com\/wp-content\/uploads\/2025\/06\/inner-banner.jpg 1620w, https:\/\/onyxgfx.com\/wp-content\/uploads\/2025\/06\/inner-banner-300x96.jpg 300w, https:\/\/onyxgfx.com\/wp-content\/uploads\/2025\/06\/inner-banner-1024x329.jpg 1024w, https:\/\/onyxgfx.com\/wp-content\/uploads\/2025\/06\/inner-banner-768x247.jpg 768w, https:\/\/onyxgfx.com\/wp-content\/uploads\/2025\/06\/inner-banner-1536x494.jpg 1536w\" sizes=\"(max-width: 1620px) 100vw, 1620px\" alt=\"Abstract geometric background with overlapping blue and navy diagonal shapes and lines, ideal for printing projects or use with Onyx Graphics software.\" class=\"so-widget-image\" title=\"\">\n\t<\/div>\n\n<\/div><\/div><div id=\"panel-665145-0-0-1\" class=\"so-panel widget widget_sow-image\" data-index=\"1\" ><div\n\t\t\t\n\t\t\tclass=\"so-widget-sow-image so-widget-sow-image-default-dbf295114b96-665145\"\n\t\t\t\n\t\t>\n<div class=\"sow-image-container\">\n\t\t<img decoding=\"async\" src=\"https:\/\/onyxgfx.com\/wp-content\/uploads\/2025\/06\/inner-banner.jpg\" width=\"1620\" height=\"521\" srcset=\"https:\/\/onyxgfx.com\/wp-content\/uploads\/2025\/06\/inner-banner.jpg 1620w, https:\/\/onyxgfx.com\/wp-content\/uploads\/2025\/06\/inner-banner-300x96.jpg 300w, https:\/\/onyxgfx.com\/wp-content\/uploads\/2025\/06\/inner-banner-1024x329.jpg 1024w, https:\/\/onyxgfx.com\/wp-content\/uploads\/2025\/06\/inner-banner-768x247.jpg 768w, https:\/\/onyxgfx.com\/wp-content\/uploads\/2025\/06\/inner-banner-1536x494.jpg 1536w\" sizes=\"(max-width: 1620px) 100vw, 1620px\" alt=\"Abstract geometric background with overlapping blue and navy diagonal shapes and lines, ideal for printing projects or use with Onyx Graphics software.\" class=\"so-widget-image\" title=\"\">\n\t<\/div>\n\n<\/div><\/div><div id=\"panel-665145-0-0-2\" class=\"so-panel widget widget_siteorigin-panels-builder panel-last-child\" data-index=\"2\" ><div id=\"pl-w67b03b2923d58\"  class=\"panel-layout\" ><div id=\"pg-w67b03b2923d58-0\"  class=\"panel-grid panel-no-style\" ><div id=\"pgc-w67b03b2923d58-0-0\"  class=\"panel-grid-cell\" ><div id=\"panel-w67b03b2923d58-0-0-0\" class=\"so-panel widget widget_sow-editor panel-first-child panel-last-child\" data-index=\"0\" ><div\n\t\t\t\n\t\t\tclass=\"so-widget-sow-editor so-widget-sow-editor-base\"\n\t\t\t\n\t\t>\n<div class=\"siteorigin-widget-tinymce textwidget\">\n\t<h1 style=\"text-align: center;\">Condiciones de uso<\/h1>\n<\/div>\n<\/div><\/div><\/div><\/div><\/div><\/div><\/div><\/div><\/div><\/div><div id=\"pg-665145-1\"  class=\"panel-grid panel-has-style\" ><div class=\"top-gap-medium bottom-gap-medium panel-row-style panel-row-style-for-665145-1\" ><div id=\"pgc-665145-1-0\"  class=\"panel-grid-cell\" ><div id=\"panel-665145-1-0-0\" class=\"so-panel widget widget_sow-editor panel-first-child panel-last-child\" data-index=\"3\" ><div\n\t\t\t\n\t\t\tclass=\"so-widget-sow-editor so-widget-sow-editor-base\"\n\t\t\t\n\t\t>\n<div class=\"siteorigin-widget-tinymce textwidget\">\n\t<p>Las presentes Condiciones de uso (\"<strong>Condiciones de uso<\/strong>\") se aplican a Onyx Graphics, Inc. (\"<strong>\u00d3nice<\/strong>\" o \"<strong>nosotros<\/strong>\") situado en\u00a0<a href=\"https:\/\/onyxgfx.com\/\">www.onyxgfx.com<\/a>as\u00ed como cualquier otro sitio web relacionado de Onyx (colectivamente, el \"<strong>P\u00e1gina web<\/strong>\").<\/p>\n<p>AL UTILIZAR EL SITIO WEB, USTED ACEPTA LAS PRESENTES CONDICIONES DE USO. SI NO EST\u00c1 DE ACUERDO, NO UTILICE EL SITIO WEB. Lea atentamente estas Condiciones de uso. Onyx se reserva el derecho de actualizar y hacer cambios a estas Condiciones de Uso en cualquier momento, a su entera discreci\u00f3n. Dichos cambios entrar\u00e1n en vigor inmediatamente despu\u00e9s de su publicaci\u00f3n en el sitio web, a menos que Onyx especifique lo contrario. Es su responsabilidad consultar esta p\u00e1gina de vez en cuando para conocer dichas actualizaciones o cambios. Su uso continuado del Sitio Web tras la publicaci\u00f3n de las Condiciones de Uso revisadas significa que usted acepta y est\u00e1 de acuerdo con los cambios.<\/p>\n<p>Sujeto al cumplimiento por su parte de estas Condiciones de Uso, Onyx le concede un derecho y licencia limitados, personales, no exclusivos, intransferibles y revocables para acceder y utilizar el Sitio Web y sus contenidos. El Sitio Web proporciona informaci\u00f3n y determinados servicios relacionados con el software de Onyx y sus servicios. Tendremos el control exclusivo y total sobre el Sitio Web y nos reservamos el derecho a retirar o modificar el Sitio Web, y cualquier servicio o material que proporcionemos a trav\u00e9s del Sitio Web, a nuestra entera discreci\u00f3n y sin previo aviso. Sin perjuicio de lo dispuesto en las presentes Condiciones de Uso, nos reservamos el derecho, sin previo aviso y a nuestra entera discreci\u00f3n, de imponer limitaciones, suspender y\/o cancelar su derecho a acceder o utilizar el Sitio Web, en su totalidad o en parte, en cualquier momento y por cualquier motivo o sin motivo alguno, y usted reconoce que no seremos responsables si por cualquier motivo la totalidad o parte del Sitio Web no est\u00e1 disponible en cualquier momento o durante cualquier per\u00edodo. Ocasionalmente, podemos restringir el acceso a algunas partes del sitio web, o a todo el sitio web, a los usuarios, incluidos los usuarios registrados.<\/p>\n<h3>Privacidad<\/h3>\n<p>El sitio web es compatible con las soluciones de software de impresi\u00f3n de gran formato de Onyx, proporcionando software RIP, flujo de trabajo de impresi\u00f3n y soluciones de negocio de impresi\u00f3n, que est\u00e1n dise\u00f1adas para negocios de impresi\u00f3n de bajo, medio y alto volumen. Onyx recopila y procesa datos personales en relaci\u00f3n con el funcionamiento del sitio web y su negocio. Consulte la Pol\u00edtica de Privacidad de Onyx, que informa a los usuarios de nuestras pol\u00edticas y pr\u00e1cticas relacionadas con la recogida, almacenamiento, procesamiento, destrucci\u00f3n y otros usos de sus datos personales. Usted entiende y acepta que no se puede garantizar que las transmisiones de datos por Internet sean 100% seguras y que Onyx no puede asegurar ni garantizar la seguridad de ninguna informaci\u00f3n transmitida a o desde nosotros.<\/p>\n<h3>Su cuenta Onyx; Licencias del software Onyx<\/h3>\n<p>Algunas funciones del sitio web le exigir\u00e1n que cree una cuenta con Onyx, como las descargas de productos, el acceso al portal de socios y el comercio electr\u00f3nico. Si utiliza el Sitio Web para crear una cuenta con Onyx, usted es responsable de mantener la confidencialidad de su cuenta y contrase\u00f1a y de restringir el acceso a su ordenador, y acepta la responsabilidad de todas las actividades que se produzcan bajo su cuenta o contrase\u00f1a. Usted acepta que Onyx no es responsable del acceso de terceros a su cuenta que resulte del robo o apropiaci\u00f3n indebida de la misma. Usted acepta notificarnos inmediatamente cualquier acceso o uso no autorizado de su cuenta o contrase\u00f1a, o cualquier otra violaci\u00f3n de la seguridad. No podr\u00e1 ceder o transferir su cuenta a ninguna otra persona o entidad sin el consentimiento de Onyx.<\/p>\n<p>Los licenciatarios y suscriptores del software de Onyx tambi\u00e9n deber\u00e1n aceptar el Contrato de Licencia de Usuario Final de Onyx o el Contrato de Suscripci\u00f3n SaaS, seg\u00fan corresponda. Sus obligaciones bajo cualquiera de dichos acuerdos son adicionales a sus obligaciones bajo estas Condiciones de Uso. En caso de conflicto entre dicho(s) acuerdo(s) y estas Condiciones de Uso, los t\u00e9rminos del(de los) acuerdo(s) tendr\u00e1n prioridad.<\/p>\n<h3>Restricciones de uso del sitio web y de los materiales de Onyx<\/h3>\n<p>Como condici\u00f3n para su uso del Sitio Web, usted garantiza a Onyx que no utilizar\u00e1 el Sitio Web ni los Materiales de Onyx (tal y como se definen en la secci\u00f3n \"Propiedad\" m\u00e1s adelante) para ning\u00fan fin que sea ilegal o que est\u00e9 prohibido por estas Condiciones de Uso. Sin limitar esta garant\u00eda, usted acepta espec\u00edficamente:<\/p>\n<ul>\n<li>No utilizar\u00e1 el Sitio Web de ninguna manera que pueda da\u00f1ar, inutilizar, sobrecargar o deteriorar el Sitio Web o interferir en el uso y disfrute del Sitio Web por parte de terceros, incluido el ataque al Sitio Web en un ataque de denegaci\u00f3n de servicio o de denegaci\u00f3n de servicio distribuido.<\/li>\n<li>No obtendr\u00e1 ni intentar\u00e1 obtener ning\u00fan material o informaci\u00f3n en o a trav\u00e9s del Sitio Web eludiendo cualquier restricci\u00f3n de acceso o uso o mediante cualquier otro m\u00e9todo no autorizado, como la pirater\u00eda inform\u00e1tica o la extracci\u00f3n de contrase\u00f1as.<\/li>\n<li>Queda prohibido el uso de robots, ara\u00f1as, page-scraping u otros procesos o m\u00e9todos automatizados o manuales para copiar o controlar este sitio web o cualquiera de sus contenidos.<\/li>\n<li>Su Contenido de Usuario no contendr\u00e1 ning\u00fan material difamatorio o ilegal, virus u otro c\u00f3digo malicioso, o cualquier otro material o instrucciones que puedan causar da\u00f1os o lesiones. Su Contenido de Usuario no violar\u00e1 el derecho de privacidad de ninguna persona ni ning\u00fan derecho de autor, marca comercial u otros derechos de propiedad intelectual.<\/li>\n<li>Usted no modificar\u00e1, publicar\u00e1, transmitir\u00e1, realizar\u00e1 ingenier\u00eda inversa, participar\u00e1 en la transferencia o venta, crear\u00e1 trabajos derivados, o de cualquier otra forma utilizar\u00e1 o explotar\u00e1 cualquiera de los contenidos del Sitio Web u otros Materiales de Onyx que no sean para sus fines autorizados. Usted utilizar\u00e1 los Materiales de Onyx \u00fanicamente para su uso interno, a menos que haya obtenido el permiso expreso por escrito de Onyx y del propietario de los derechos de autor (si los materiales son propiedad de un tercero).<\/li>\n<li>No borrar\u00e1 ni alterar\u00e1 ning\u00fan derecho de propiedad o aviso de atribuci\u00f3n en ning\u00fan contenido o Material de Onyx obtenido a trav\u00e9s del Sitio Web.<\/li>\n<li>Usted acepta que no adquiere ning\u00fan derecho de propiedad sobre ning\u00fan contenido publicado por Onyx, sus licenciantes u otros terceros, ni sobre ning\u00fan Material de Onyx. No le concedemos ninguna licencia, expresa o impl\u00edcita, sobre ning\u00fan contenido del sitio web o Materiales de Onyx, salvo lo dispuesto expresamente en estas Condiciones de uso, en relaci\u00f3n con dicho contenido o materiales, o lo que figure en un contrato vinculante entre usted y Onyx.<\/li>\n<\/ul>\n<h3>Indemnizaci\u00f3n<\/h3>\n<p>Usted indemnizar\u00e1 a Onyx y a nuestras subsidiarias, afiliados, funcionarios, agentes, empleados, socios y licenciantes por cualquier reclamo, demanda, p\u00e9rdida o da\u00f1o, incluyendo honorarios razonables de abogados, que surjan o est\u00e9n relacionados con su Contenido de Usuario, su uso del Sitio Web o de los Materiales de Onyx, o su violaci\u00f3n de estas Condiciones de Uso.<\/p>\n<h3>Suspensi\u00f3n o cancelaci\u00f3n de la cuenta o del acceso al sitio web<\/h3>\n<p>Onyx se reserva el derecho, a su entera discreci\u00f3n, de suspender o cancelar su cuenta o su acceso al Sitio Web, de cancelar o borrar cualquier contenido (incluyendo su Contenido de Usuario) o Materiales de Onyx, y\/o de dejar de proporcionar cualquier servicio relacionado en cualquier momento, sin previo aviso y sin ninguna responsabilidad hacia usted, por cualquier causa razonable, incluyendo sin limitaci\u00f3n su incumplimiento de estas Condiciones de Uso, solicitudes de las fuerzas de seguridad u otras agencias gubernamentales, interrupci\u00f3n o modificaci\u00f3n del Sitio Web, o problemas t\u00e9cnicos.<\/p>\n<h3>Sitios, productos y servicios enlazados de terceros<\/h3>\n<p>Ciertos servicios disponibles a trav\u00e9s del Sitio Web son prestados por sitios web de terceros a los que el Sitio Web enlaza (\"<strong>Sitios enlazados<\/strong>\"), como las redes sociales, el procesamiento de tarjetas de cr\u00e9dito y la inscripci\u00f3n en seminarios. Los Sitios Enlazados no son operados ni controlados por Onyx, y Onyx no es responsable de ninguno de los contenidos de ning\u00fan Sitio Enlazado, incluyendo cualquier enlace adicional contenido en un Sitio Enlazado, ni de ning\u00fan producto o servicio proporcionado por tales terceros. Onyx le proporciona estos v\u00ednculos s\u00f3lo para su conveniencia, y la inclusi\u00f3n de cualquier v\u00ednculo no implica aprobaci\u00f3n por parte de Onyx del sitio ni asociaci\u00f3n con los propietarios u operadores del Sitio Vinculado. Los Sitios Enlazados operan independientemente de Onyx y tienen sus propias pol\u00edticas de privacidad y t\u00e9rminos de servicio o uso, los cuales le sugerimos revisar.<\/p>\n<p>Onyx pone a disposici\u00f3n y distribuye determinados productos de terceros en conexi\u00f3n con el software de Onyx o por separado del mismo. Los productos de terceros puestos a disposici\u00f3n por Onyx pueden cambiar en cualquier momento a discreci\u00f3n exclusiva de Onyx. Salvo que se indique lo contrario en el Contrato de Licencia de Usuario Final de Onyx o en el Contrato de Suscripci\u00f3n SaaS (seg\u00fan proceda), Onyx no ofrece ninguna declaraci\u00f3n ni garant\u00eda con respecto a los productos de terceros. Si adquiere u obtiene productos de terceros de Onyx, Onyx le transferir\u00e1 cualquier garant\u00eda proporcionada por los desarrolladores o fabricantes de dichos productos, en la medida en que est\u00e9 permitido, y le ayudar\u00e1 razonablemente a tratar con los fabricantes de terceros si surge alg\u00fan problema.<\/p>\n<p>Enlaces a las condiciones que rigen los principales productos de terceros revendidos por Onyx:<\/p>\n<ul>\n<li>Dispositivos de color - <a href=\"https:\/\/www.xrite.com\/legal\/terms-of-use\" target=\"_blank\" rel=\"noopener\">https:\/\/www.xrite.com\/legal\/terms-of-use<\/a><\/li>\n<li>Dispositivos de color - <a href=\"https:\/\/www.nixsensor.com\/legal\/\" target=\"_blank\" rel=\"noopener\">https:\/\/www.nixsensor.com\/legal\/<\/a><\/li>\n<li>Ordenadores - <a href=\"https:\/\/www.proactivetechnologies.com\/terms-and-conditions\" target=\"_blank\" rel=\"noopener\">https:\/\/www.proactivetechnologies.com\/terms-and-conditions<\/a><\/li>\n<\/ul>\n<p>Sus datos e informaci\u00f3n personales podr\u00e1n ser compartidos con terceros que presten servicios a Onyx y a nuestros clientes, incluidos los Sitios Enlazados (por ejemplo, procesadores de tarjetas de cr\u00e9dito), cuando lo permita la ley y con su consentimiento si as\u00ed lo exige la ley o nuestra Pol\u00edtica de Privacidad. Para m\u00e1s informaci\u00f3n, consulte la Pol\u00edtica de Privacidad.<\/p>\n<h3>Propiedad<\/h3>\n<p>Todos los contenidos y materiales del Sitio Web o puestos a disposici\u00f3n a trav\u00e9s del mismo, incluidos art\u00edculos, v\u00eddeos, textos, software, productos, gr\u00e1ficos, logotipos e im\u00e1genes (\"<strong>Materiales de \u00f3nice\".<\/strong>), son propiedad de Onyx o de sus proveedores o licenciantes. Todos los Materiales de Onyx est\u00e1n protegidos por derechos de autor y\/u otras leyes que protegen la propiedad intelectual y los derechos de propiedad. Usted se compromete a cumplir con todos los derechos de autor y otros avisos de propiedad, leyendas u otras restricciones aplicables a cualquier Material de Onyx.<\/p>\n<p>Sus datos personales y cualquier dato, informaci\u00f3n o material que cargue o publique en el Sitio Web (\"<strong>Contenido del usuario<\/strong>\") seguir\u00e1n siendo de su propiedad, con sujeci\u00f3n a los derechos de uso contenidos en las presentes Condiciones de Uso y en la Pol\u00edtica de Privacidad. Si proporciona sugerencias, ideas o comentarios a Onyx (\"<strong>Comentarios<\/strong>\"), Onyx tendr\u00e1 una licencia libre de regal\u00edas, mundial, irrevocable y perpetua para utilizar dicha Retroalimentaci\u00f3n e incorporarla al software, productos y servicios de Onyx.<\/p>\n<h3>Contenido, precios y precisi\u00f3n<\/h3>\n<p>Todas las caracter\u00edsticas, contenido, disponibilidad, especificaciones, productos y precios de los productos y servicios descritos o representados en el Sitio Web est\u00e1n sujetos a cambios en cualquier momento sin previo aviso. La inclusi\u00f3n de cualquier producto o servicio en el sitio web en un momento determinado no implica ni garantiza que estos productos o servicios est\u00e9n disponibles en cualquier momento. Intentamos garantizar que la informaci\u00f3n del sitio web sea completa, precisa y est\u00e9 actualizada. A pesar de nuestros esfuerzos, la informaci\u00f3n del Sitio Web puede ser ocasionalmente inexacta, incompleta o no estar actualizada. No garantizamos la integridad, exactitud o actualidad de la informaci\u00f3n contenida en el sitio web. En caso de error o discrepancia de precios en el Sitio Web con respecto a productos o servicios, nos reservamos el derecho a cancelar cualquier pedido (o pedido parcial) de dichos productos o servicios.<\/p>\n<h3>Exclusi\u00f3n de garant\u00edas<\/h3>\n<p>SALVO QUE SE ACUERDE EXPRESAMENTE LO CONTRARIO ENTRE USTED Y ONYX EN UN CONTRATO DE LICENCIA U OTRO CONTRATO, EL SITIO WEB, SU CONTENIDO Y TODOS LOS MATERIALES Y SERVICIOS DE ONYX Y PRODUCTOS DE TERCEROS SE PROPORCIONAN \"TAL CUAL\", SIN NINGUNA GARANT\u00cdA Y CON TODOS LOS DEFECTOS, Y ONYX, SUS LICENCIANTES Y SUS PROVEEDORES RENUNCIAN A CUALQUIER OTRA GARANT\u00cdA, EXPRESA O IMPL\u00cdCITA, INCLUIDA LA COMERCIABILIDAD, TITULARIDAD, NO INFRACCI\u00d3N O IDONEIDAD PARA CUALQUIER FIN O USO PARTICULAR, YA SEA QUE SURJA POR LEY, POR COSTUMBRE O USO DEL COMERCIO, O POR EL CURSO DE LA NEGOCIACI\u00d3N. ONYX NO GARANTIZA QUE EL SITIO WEB, LOS MATERIALES DE ONYX O SUS SERVICIOS EST\u00c9N LIBRES DE ERRORES. NINGUNA INFORMACI\u00d3N O CONSEJO ORAL O ESCRITO PROPORCIONADO POR ONYX O SUS REPRESENTANTES CREAR\u00c1 GARANT\u00cdA ALGUNA. ALGUNAS JURISDICCIONES NO PERMITEN LA EXCLUSI\u00d3N DE LAS GARANT\u00cdAS IMPL\u00cdCITAS O LAS LIMITACIONES DE LOS DERECHOS LEGALES APLICABLES DE UN CONSUMIDOR, POR LO QUE ES POSIBLE QUE LA EXCLUSI\u00d3N Y LAS LIMITACIONES ANTERIORES NO SEAN APLICABLES EN SU CASO.<\/p>\n<h3>Limitaci\u00f3n de responsabilidad<\/h3>\n<p>EN LA MEDIDA M\u00c1XIMA PERMITIDA POR LA LEGISLACI\u00d3N APLICABLE, Y SALVO QUE SE ESPECIFIQUE LO CONTRARIO EN UN CONTRATO POR ESCRITO ACORDADO POR ONYX, EN NING\u00daN CASO ONYX, SUS LICENCIANTES O SUS PROVEEDORES SER\u00c1N RESPONSABLES DE NING\u00daN DA\u00d1O DIRECTO, INDIRECTO, PUNITIVO, INCIDENTAL, ESPECIAL, CONSECUENTE, NI DE NING\u00daN OTRO DA\u00d1O O RESPONSABILIDAD, INCLUIDOS, ENTRE OTROS, LOS DA\u00d1OS POR P\u00c9RDIDA DE USO, DATOS O BENEFICIOS, QUE SE DERIVEN O EST\u00c9N RELACIONADOS DE ALG\u00daN MODO CON EL SITIO WEB, LOS MATERIALES Y SERVICIOS DE ONYX Y LOS PRODUCTOS DE TERCEROS SUMINISTRADOS POR ONYX, INCLUIDOS LOS FALLOS, LA INADECUACI\u00d3N O LA IMPOSIBILIDAD DE UTILIZAR EL SITIO WEB O DICHOS MATERIALES, PRODUCTOS O SERVICIOS, YA SEA POR CONTRATO, AGRAVIO, NEGLIGENCIA, RESPONSABILIDAD OBJETIVA O DE OTRO MODO, INCLUSO SI ONYX HA SIDO ADVERTIDA DE LA POSIBILIDAD DE QUE SE PRODUZCAN DA\u00d1OS. SI NO EST\u00c1 SATISFECHO CON ALGUNA PARTE DEL SITIO WEB O CON ALGUNA DE ESTAS CONDICIONES DE USO, SU \u00daNICO Y EXCLUSIVO RECURSO ES DEJAR DE UTILIZAR EL SITIO WEB.<\/p>\n<p>Algunas jurisdicciones no permiten la limitaci\u00f3n de responsabilidad por da\u00f1os personales o por da\u00f1os incidentales o consecuentes, por lo que es posible que algunas de estas exenciones o limitaciones no sean aplicables en su caso.<br \/>\nNotificaciones de retirada<\/p>\n<p>Respetamos los derechos de propiedad intelectual de terceros y esperamos que nuestros usuarios hagan lo mismo. Si cree que alg\u00fan material o contenido del sitio web infringe los derechos de propiedad intelectual, notif\u00edquenoslo tal y como se especifica en la secci\u00f3n \"Informaci\u00f3n de contacto de Onyx\" m\u00e1s adelante. Responderemos a dichas notificaciones, de conformidad con la Ley de Derechos de Autor del Milenio Digital (Digital Millennium Copyright Act) y otras leyes aplicables.<\/p>\n<h3>Usuarios internacionales<\/h3>\n<p>El sitio web es controlado, operado y administrado por Onyx desde nuestras oficinas en Estados Unidos. Si accede al Sitio Web desde una ubicaci\u00f3n fuera de los EE.UU., usted es responsable del cumplimiento de todas las leyes locales.<\/p>\n<h3>Condiciones generales<\/h3>\n<p>Estas Condiciones de uso se rigen por las leyes del Estado de Utah. Usted acepta la jurisdicci\u00f3n y competencia exclusivas de los tribunales de Utah en todos los litigios derivados o relacionados con el uso del Sitio Web. El uso del Sitio Web no est\u00e1 autorizado en ninguna jurisdicci\u00f3n que no haga efectivas todas las disposiciones de estas Condiciones de Uso, incluyendo, sin limitaci\u00f3n, esta secci\u00f3n.<\/p>\n<p>La provisi\u00f3n por parte de Onyx del Sitio Web y sus otros productos y servicios est\u00e1 sujeta a las leyes y procesos legales existentes, y nada de lo contenido en estas Condiciones de Uso limita el derecho de Onyx a cumplir con las solicitudes o requerimientos gubernamentales, judiciales y de aplicaci\u00f3n de la ley relacionados con su uso del Sitio Web o su Contenido de Usuario.<\/p>\n<p>Si un tribunal u otra autoridad considera que alguna disposici\u00f3n de estas Condiciones de uso no es v\u00e1lida o no puede aplicarse, dicha disposici\u00f3n se modificar\u00e1 en la medida m\u00ednima necesaria o se sustituir\u00e1 por una disposici\u00f3n v\u00e1lida que refleje mejor la intenci\u00f3n de estas Condiciones de uso o, si no puede modificarse, se eliminar\u00e1, y el resto de estas Condiciones de uso permanecer\u00e1n en pleno vigor y efecto.<\/p>\n<p>A menos que se especifique lo contrario, estas Condiciones de Uso constituyen el acuerdo completo entre usted y Onyx con respecto al Sitio Web. A excepci\u00f3n de la Pol\u00edtica de Privacidad y de cualquier contrato vinculante entre usted y Onyx, estas Condiciones de Uso sustituyen a todas las dem\u00e1s comunicaciones y acuerdos anteriores o contempor\u00e1neos, ya sean electr\u00f3nicos, orales o escritos, entre usted y Onyx con respecto al Sitio Web.<\/p>\n<p>El hecho de que Onyx no aplique o ejerza cualquier disposici\u00f3n de estas Condiciones de Uso no constituye una renuncia a dicha disposici\u00f3n. No se considerar\u00e1 que el curso de la conducta entre usted y Onyx modifique ninguna disposici\u00f3n de estas Condiciones de Uso. Salvo que se disponga lo contrario en el presente documento, estas Condiciones de Uso s\u00f3lo podr\u00e1n modificarse o enmendarse mediante un acuerdo por escrito firmado por un funcionario autorizado de Onyx.<\/p>\n<p><strong>Informaci\u00f3n de contacto de Onyx<\/strong><br \/>\nPuede enviarnos notificaciones, preguntas o comentarios sobre estas Condiciones de uso a la siguiente direcci\u00f3n:<br \/>\nOnyx Graphics, Inc.<br \/>\n6195 S High Tech Dr.<br \/>\nMidvale, Utah 84047<br \/>\nAtenci\u00f3n Servicio de Privacidad del Cliente<\/p>\n<p>Direcci\u00f3n de correo electr\u00f3nico: <a href=\"mailto:privacy@onyxgfx.com\">privacy@onyxgfx.com<\/a><br \/>\nN\u00famero de tel\u00e9fono:  <a href=\"tel:8015689900\">801-568-9900<\/a><\/p>\n<\/div>\n<\/div><\/div><\/div><\/div><\/div><\/div>","protected":false},"excerpt":{"rendered":"<p>These Terms of Use (\u201cTerms of Use\u201d) apply to the Onyx Graphics, Inc. (\u201cOnyx\u201d or \u201cwe\u201d) website located at\u00a0www.onyxgfx.com, as well as any other related websites of Onyx (collectively, the \u201cWebsite\u201d). BY USING THE WEBSITE,&#8230; <br \/><a class=\"read-more\" title=\"HISTORIA COMPLETA\" href=\"https:\/\/onyxgfx.com\/es\/website-terms-of-use\/\">Seguir leyendo<\/a><\/p>","protected":false},"author":5518,"featured_media":0,"parent":0,"menu_order":0,"comment_status":"closed","ping_status":"closed","template":"","meta":{"_acf_changed":false,"inline_featured_image":false,"_genesis_hide_title":false,"_genesis_hide_breadcrumbs":false,"_genesis_hide_singular_image":false,"_genesis_hide_footer_widgets":false,"_genesis_custom_body_class":"","_genesis_custom_post_class":"","_genesis_layout":"","footnotes":""},"class_list":{"0":"post-665145","1":"page","2":"type-page","3":"status-publish","5":"entry"},"acf":[],"_links":{"self":[{"href":"https:\/\/onyxgfx.com\/es\/wp-json\/wp\/v2\/pages\/665145","targetHints":{"allow":["GET"]}}],"collection":[{"href":"https:\/\/onyxgfx.com\/es\/wp-json\/wp\/v2\/pages"}],"about":[{"href":"https:\/\/onyxgfx.com\/es\/wp-json\/wp\/v2\/types\/page"}],"author":[{"embeddable":true,"href":"https:\/\/onyxgfx.com\/es\/wp-json\/wp\/v2\/users\/5518"}],"replies":[{"embeddable":true,"href":"https:\/\/onyxgfx.com\/es\/wp-json\/wp\/v2\/comments?post=665145"}],"version-history":[{"count":0,"href":"https:\/\/onyxgfx.com\/es\/wp-json\/wp\/v2\/pages\/665145\/revisions"}],"wp:attachment":[{"href":"https:\/\/onyxgfx.com\/es\/wp-json\/wp\/v2\/media?parent=665145"}],"curies":[{"name":"wp","href":"https:\/\/api.w.org\/{rel}","templated":true}]}}