{"id":659205,"date":"2024-04-03T17:46:45","date_gmt":"2024-04-03T17:46:45","guid":{"rendered":"https:\/\/onyxgfx.com\/?page_id=659205"},"modified":"2025-12-13T19:47:51","modified_gmt":"2025-12-14T02:47:51","slug":"updates-and-patches","status":"publish","type":"page","link":"https:\/\/onyxgfx.com\/fr\/updates-and-patches\/","title":{"rendered":"MISES \u00c0 JOUR ET CORRECTIFS"},"content":{"rendered":"<div id=\"pl-659205\"  class=\"panel-layout\" ><div id=\"pg-659205-0\"  class=\"panel-grid panel-has-style\" ><div class=\"hero-section siteorigin-panels-stretch panel-row-style panel-row-style-for-659205-0\" data-stretch-type=\"full\" ><div class=\"so-panels-full-wrapper\" ><div id=\"pgc-659205-0-0\"  class=\"panel-grid-cell\" ><div id=\"panel-659205-0-0-0\" class=\"so-panel widget widget_sow-image panel-first-child\" data-index=\"0\" ><div\n\t\t\t\n\t\t\tclass=\"so-widget-sow-image so-widget-sow-image-default-dbf295114b96-659205\"\n\t\t\t\n\t\t>\n<div class=\"sow-image-container\">\n\t\t<img decoding=\"async\" src=\"https:\/\/onyxgfx.com\/wp-content\/uploads\/2025\/06\/inner-banner.jpg\" width=\"1620\" height=\"521\" srcset=\"https:\/\/onyxgfx.com\/wp-content\/uploads\/2025\/06\/inner-banner.jpg 1620w, https:\/\/onyxgfx.com\/wp-content\/uploads\/2025\/06\/inner-banner-300x96.jpg 300w, https:\/\/onyxgfx.com\/wp-content\/uploads\/2025\/06\/inner-banner-1024x329.jpg 1024w, https:\/\/onyxgfx.com\/wp-content\/uploads\/2025\/06\/inner-banner-768x247.jpg 768w, https:\/\/onyxgfx.com\/wp-content\/uploads\/2025\/06\/inner-banner-1536x494.jpg 1536w\" sizes=\"(max-width: 1620px) 100vw, 1620px\" alt=\"Abstract geometric background with overlapping blue and navy diagonal shapes and lines, ideal for printing projects or use with Onyx Graphics software.\" class=\"so-widget-image\" title=\"\">\n\t<\/div>\n\n<\/div><\/div><div id=\"panel-659205-0-0-1\" class=\"so-panel widget widget_sow-image\" data-index=\"1\" ><div\n\t\t\t\n\t\t\tclass=\"so-widget-sow-image so-widget-sow-image-default-dbf295114b96-659205\"\n\t\t\t\n\t\t>\n<div class=\"sow-image-container\">\n\t\t<img decoding=\"async\" src=\"https:\/\/onyxgfx.com\/wp-content\/uploads\/2025\/06\/inner-banner.jpg\" width=\"1620\" height=\"521\" srcset=\"https:\/\/onyxgfx.com\/wp-content\/uploads\/2025\/06\/inner-banner.jpg 1620w, https:\/\/onyxgfx.com\/wp-content\/uploads\/2025\/06\/inner-banner-300x96.jpg 300w, https:\/\/onyxgfx.com\/wp-content\/uploads\/2025\/06\/inner-banner-1024x329.jpg 1024w, https:\/\/onyxgfx.com\/wp-content\/uploads\/2025\/06\/inner-banner-768x247.jpg 768w, https:\/\/onyxgfx.com\/wp-content\/uploads\/2025\/06\/inner-banner-1536x494.jpg 1536w\" sizes=\"(max-width: 1620px) 100vw, 1620px\" alt=\"Abstract geometric background with overlapping blue and navy diagonal shapes and lines, ideal for printing projects or use with Onyx Graphics software.\" class=\"so-widget-image\" title=\"\">\n\t<\/div>\n\n<\/div><\/div><div id=\"panel-659205-0-0-2\" class=\"so-panel widget widget_siteorigin-panels-builder panel-last-child\" data-index=\"2\" ><div id=\"pl-w6732ac326482e\"  class=\"panel-layout\" ><div id=\"pg-w6732ac326482e-0\"  class=\"panel-grid panel-no-style\" ><div id=\"pgc-w6732ac326482e-0-0\"  class=\"panel-grid-cell\" ><div id=\"panel-w6732ac326482e-0-0-0\" class=\"so-panel widget widget_sow-editor panel-first-child panel-last-child\" data-index=\"0\" ><div\n\t\t\t\n\t\t\tclass=\"so-widget-sow-editor so-widget-sow-editor-base\"\n\t\t\t\n\t\t>\n<div class=\"siteorigin-widget-tinymce textwidget\">\n\t<h1 style=\"text-align: center;\">Mises \u00e0 jour et correctifs<\/h1>\n<\/div>\n<\/div><\/div><\/div><\/div><\/div><\/div><\/div><\/div><\/div><\/div><div id=\"pg-659205-1\"  class=\"panel-grid panel-no-style\" ><div id=\"pgc-659205-1-0\"  class=\"panel-grid-cell\" ><div id=\"panel-659205-1-0-0\" class=\"so-panel widget widget_sow-editor panel-first-child panel-last-child\" data-index=\"3\" ><div\n\t\t\t\n\t\t\tclass=\"so-widget-sow-editor so-widget-sow-editor-base\"\n\t\t\t\n\t\t>\n<div class=\"siteorigin-widget-tinymce textwidget\">\n\t<hr \/>\n<div class=\"flex-page-content editor-content\">\n<div class=\"container\">\n<div class=\"row\">\n<div class=\"col-sm-12\">\n<div class=\"container\">\n<h3>Patchs de coupe<\/h3>\n<\/div>\n<div class=\"feature-item\">\n<h4>HP<\/h4>\n<ul>\n<li>Date du correctif 18 avril 2024 pour la version 22.5.1\n<ul>\n<li><strong>Les correctifs pr\u00e9c\u00e9dents de Summa\/HP (s'il y en a) devront \u00eatre d\u00e9sinstall\u00e9s.<\/strong> avant de mettre en \u0153uvre le dernier correctif. Veuillez d\u00e9sinstaller la version pr\u00e9c\u00e9dente du correctif en suivant les \u00e9tapes suivantes :\n<ol>\n<li>Ex\u00e9cutez \u00e0 nouveau le patch.exe de la version pr\u00e9c\u00e9dente avec l'option de d\u00e9sinstallation.<\/li>\n<li>Red\u00e9marrez et ex\u00e9cutez le nouveau correctif.<\/li>\n<\/ol>\n<\/li>\n<li>Ajout de s\u00e9lections d'utilisateurs OPOS \u00e0 HP Latex Plus Cutter.\n<ul>\n<li>Mise en \u0153uvre du pilote Summa S3.<\/li>\n<li>Correction d'un probl\u00e8me de d\u00e9calage des chemins de coupe du HP Latex Cutter lors de l'utilisation d'un code-barres HP.<\/li>\n<li>Mise en \u0153uvre de la derni\u00e8re r\u00e9vision du SDK Summa (rev1123).<\/li>\n<li>Am\u00e9lioration de la connectivit\u00e9 du serveur Roll.<\/li>\n<li>Summa S2 et S3 corrections du chemin de coupe.<\/li>\n<li>Summa F n'ajoute plus l'extension OXF aux codes \u00e0 barres Code39.<\/li>\n<li>R\u00e9solution d'un probl\u00e8me avec les travaux de roulage s\u00e9quentiel servis par Summa.<\/li>\n<li>Optimisations de la connectivit\u00e9 USB Summa.<\/li>\n<\/ul>\n<\/li>\n<li><a href=\"https:\/\/onyxgfx0-my.sharepoint.com\/:u:\/g\/personal\/onyxdrivers_onyxgfx_com\/ESu6w3_wRtZNqPVBqfpmaBIB9GJrvgxXUtHkfW2R0TQFIw?e=H0RkrO\" target=\"_blank\" rel=\"noopener\">Mise \u00e0 jour du massicot combin\u00e9 Summa-HP pour la version 22.5.1<\/a><\/li>\n<\/ul>\n<\/li>\n<\/ul>\n<\/div>\n<div class=\"feature-item\">\n<div class=\"text\">\n<h4>Summa<\/h4>\n<ul>\n<li>Date du correctif 18 avril 2024 pour la version 22.5.1\n<ul>\n<li><strong>Les correctifs pr\u00e9c\u00e9dents de Summa\/HP (s'il y en a) devront \u00eatre d\u00e9sinstall\u00e9s.<\/strong> avant de mettre en \u0153uvre le dernier correctif. Veuillez d\u00e9sinstaller la version pr\u00e9c\u00e9dente du correctif en suivant les \u00e9tapes suivantes :\n<ol>\n<li>Ex\u00e9cutez \u00e0 nouveau le patch.exe de la version pr\u00e9c\u00e9dente avec l'option de d\u00e9sinstallation.<\/li>\n<li>Red\u00e9marrez et ex\u00e9cutez le nouveau correctif.<\/li>\n<\/ol>\n<\/li>\n<li>Ajout de s\u00e9lections d'utilisateurs OPOS \u00e0 HP Latex Plus Cutter.\n<ul>\n<li>Mise en \u0153uvre du pilote Summa S3.<\/li>\n<li>Correction d'un probl\u00e8me de d\u00e9calage des chemins de coupe du HP Latex Cutter lors de l'utilisation d'un code-barres HP.<\/li>\n<li>Mise en \u0153uvre de la derni\u00e8re r\u00e9vision du SDK Summa (rev1123).<\/li>\n<li>Am\u00e9lioration de la connectivit\u00e9 du serveur Roll.<\/li>\n<li>Summa S2 et S3 corrections du chemin de coupe.<\/li>\n<li>Summa F n'ajoute plus l'extension OXF aux codes \u00e0 barres Code39.<\/li>\n<li>R\u00e9solution d'un probl\u00e8me avec les travaux de roulage s\u00e9quentiel servis par Summa.<\/li>\n<li>Optimisations de la connectivit\u00e9 USB Summa.<\/li>\n<\/ul>\n<\/li>\n<li><a href=\"https:\/\/onyxgfx0-my.sharepoint.com\/:u:\/g\/personal\/onyxdrivers_onyxgfx_com\/ESu6w3_wRtZNqPVBqfpmaBIB9GJrvgxXUtHkfW2R0TQFIw?e=H0RkrO\" target=\"_blank\" rel=\"noopener\">Mise \u00e0 jour du massicot combin\u00e9 Summa-HP pour la version 22.5.1<\/a><\/li>\n<\/ul>\n<\/li>\n<\/ul>\n<\/div>\n<\/div>\n<\/div>\n<\/div>\n<\/div>\n<\/div>\n<p><!-- wp:heading {\"level\":4} --><\/p>\n<h4 class=\"wp-block-heading\">Graphtec<\/h4>\n<p><!-- \/wp:heading --><!-- wp:list --><\/p>\n<ul>\n<li style=\"list-style-type: none;\">\n<ul><!-- wp:list-item --><\/p>\n<li>Date du correctif 20 mai 2024 pour la version 22.5.1<!-- wp:list -->\n<ul>\n<li style=\"list-style-type: none;\">\n<ul><!-- wp:list-item --><\/p>\n<li><strong><\/strong><strong>Toute installation ant\u00e9rieure du correctif Graphtec cutter doit \u00eatre d\u00e9sinstall\u00e9e, car le correctif contient des scripts pour remplacer les fichiers cibl\u00e9s des installations Onyx 22.5.1 (THRIVE\/RIP\/GO).<\/strong> Avant de mettre en \u0153uvre le dernier correctif, veuillez d\u00e9sinstaller la version pr\u00e9c\u00e9dente du correctif en suivant les \u00e9tapes suivantes :<!-- wp:list {\"ordered\":true} -->\n<ol>\n<li style=\"list-style-type: none;\">\n<ol><!-- wp:list-item --><\/p>\n<li>Ex\u00e9cutez \u00e0 nouveau le patch.exe de la version pr\u00e9c\u00e9dente avec l'option de d\u00e9sinstallation.<\/li>\n<\/ol>\n<\/li>\n<\/ol>\n<p><!-- \/wp:list-item --><!-- wp:list-item --><\/p>\n<ol>\n<li style=\"list-style-type: none;\">\n<ol>\n<li>Red\u00e9marrez et ex\u00e9cutez le nouveau correctif.<\/li>\n<\/ol>\n<\/li>\n<\/ol>\n<p><!-- \/wp:list-item --><\/p>\n<p><!-- \/wp:list --><\/li>\n<\/ul>\n<\/li>\n<\/ul>\n<p><!-- \/wp:list-item --><!-- wp:list-item --><\/p>\n<ul>\n<li style=\"list-style-type: none;\">\n<ul>\n<li>Ce correctif comprend<!-- wp:list -->\n<ul>\n<li style=\"list-style-type: none;\">\n<ul><!-- wp:list-item --><\/p>\n<li>Graphtec FC9000\/CE7000<!-- wp:list -->\n<ul>\n<li style=\"list-style-type: none;\">\n<ul><!-- wp:list-item --><\/p>\n<li>Correction des probl\u00e8mes de d\u00e9coupe de segmentation sur les petits travaux.<\/li>\n<\/ul>\n<\/li>\n<\/ul>\n<p><!-- \/wp:list-item --><!-- wp:list-item --><\/p>\n<ul>\n<li style=\"list-style-type: none;\">\n<ul>\n<li>Mise en page des corrections de codes-barres.<\/li>\n<\/ul>\n<\/li>\n<\/ul>\n<p><!-- \/wp:list-item --><!-- wp:list-item --><\/p>\n<ul>\n<li style=\"list-style-type: none;\">\n<ul>\n<li>Les travaux de coupe uniquement ne sont plus tronqu\u00e9s en dehors du serveur CUT.<\/li>\n<\/ul>\n<\/li>\n<\/ul>\n<p><!-- \/wp:list-item --><!-- wp:list-item --><\/p>\n<ul>\n<li style=\"list-style-type: none;\">\n<ul>\n<li>Corrections par balayage des marques interm\u00e9diaires verticales de type 2.<\/li>\n<\/ul>\n<\/li>\n<\/ul>\n<p><!-- \/wp:list-item --><\/p>\n<p><!-- \/wp:list --><\/li>\n<\/ul>\n<\/li>\n<\/ul>\n<p><!-- \/wp:list-item --><!-- wp:list-item --><\/p>\n<ul>\n<li style=\"list-style-type: none;\">\n<ul>\n<li>Graphtec G\u00e9n\u00e9ral<!-- wp:list -->\n<ul>\n<li style=\"list-style-type: none;\">\n<ul><!-- wp:list-item --><\/p>\n<li>Cr\u00e9ation d'une option utilisateur pour les marques directionnelles.<\/li>\n<\/ul>\n<\/li>\n<\/ul>\n<p><!-- \/wp:list-item --><\/p>\n<p><!-- \/wp:list --><\/li>\n<\/ul>\n<\/li>\n<\/ul>\n<p><!-- \/wp:list-item --><\/p>\n<p><!-- \/wp:list --><\/li>\n<\/ul>\n<\/li>\n<\/ul>\n<p><!-- \/wp:list-item --><!-- wp:list-item --><\/p>\n<ul>\n<li style=\"list-style-type: none;\">\n<ul>\n<li><a title=\"\" href=\"https:\/\/onyxgfx0-my.sharepoint.com\/:u:\/g\/personal\/onyxdrivers_onyxgfx_com\/EcUMpUFsohFGnVPT8xAK2boBm9WiBCXyQ4EhtVa0kDpuhQ?e=2wAWZ2\" target=\"_blank\" rel=\"noopener\">Mise \u00e0 jour de Graphtec Cutter pour la version 22.5.1<\/a><\/li>\n<\/ul>\n<\/li>\n<\/ul>\n<p><!-- \/wp:list-item --><\/p>\n<p><!-- \/wp:list --><\/li>\n<\/ul>\n<\/li>\n<\/ul>\n<p><!-- \/wp:list-item --><\/p>\n<p><!-- \/wp:list --><\/p>\n<\/div>\n<\/div><\/div><\/div><\/div><\/div>","protected":false},"excerpt":{"rendered":"<p>Cutter Patches HP Patch date 18 April, 2024 for version 22.5.1 Previous Summa\/HP patches (if present) will need to be uninstalled before implementing the latest patch. Please uninstall the previous patch version with the following&#8230; <br \/><a class=\"read-more\" title=\"LIRE LA SUITE\" href=\"https:\/\/onyxgfx.com\/fr\/updates-and-patches\/\">Lire la suite<\/a><\/p>","protected":false},"author":5518,"featured_media":0,"parent":0,"menu_order":0,"comment_status":"closed","ping_status":"closed","template":"","meta":{"_acf_changed":false,"inline_featured_image":false,"_genesis_hide_title":false,"_genesis_hide_breadcrumbs":false,"_genesis_hide_singular_image":false,"_genesis_hide_footer_widgets":false,"_genesis_custom_body_class":"","_genesis_custom_post_class":"","_genesis_layout":"","footnotes":""},"class_list":{"0":"post-659205","1":"page","2":"type-page","3":"status-publish","5":"entry","6":"has-post-thumbnail"},"acf":[],"_links":{"self":[{"href":"https:\/\/onyxgfx.com\/fr\/wp-json\/wp\/v2\/pages\/659205","targetHints":{"allow":["GET"]}}],"collection":[{"href":"https:\/\/onyxgfx.com\/fr\/wp-json\/wp\/v2\/pages"}],"about":[{"href":"https:\/\/onyxgfx.com\/fr\/wp-json\/wp\/v2\/types\/page"}],"author":[{"embeddable":true,"href":"https:\/\/onyxgfx.com\/fr\/wp-json\/wp\/v2\/users\/5518"}],"replies":[{"embeddable":true,"href":"https:\/\/onyxgfx.com\/fr\/wp-json\/wp\/v2\/comments?post=659205"}],"version-history":[{"count":0,"href":"https:\/\/onyxgfx.com\/fr\/wp-json\/wp\/v2\/pages\/659205\/revisions"}],"wp:attachment":[{"href":"https:\/\/onyxgfx.com\/fr\/wp-json\/wp\/v2\/media?parent=659205"}],"curies":[{"name":"wp","href":"https:\/\/api.w.org\/{rel}","templated":true}]}}