{"id":664739,"date":"2024-10-30T21:53:23","date_gmt":"2024-10-30T21:53:23","guid":{"rendered":"https:\/\/onyxgfx.com\/?page_id=664739"},"modified":"2025-12-13T19:44:03","modified_gmt":"2025-12-14T02:44:03","slug":"cutting","status":"publish","type":"page","link":"https:\/\/onyxgfx.com\/fr\/cutting\/","title":{"rendered":"D\u00e9coupage"},"content":{"rendered":"<div id=\"pl-664739\"  class=\"panel-layout\" ><div id=\"pg-664739-0\"  class=\"panel-grid panel-has-style\" ><div class=\"hero-section siteorigin-panels-stretch panel-row-style panel-row-style-for-664739-0\" data-stretch-type=\"full\" ><div class=\"so-panels-full-wrapper\" ><div id=\"pgc-664739-0-0\"  class=\"panel-grid-cell\" ><div id=\"panel-664739-0-0-0\" class=\"so-panel widget widget_sow-image panel-first-child\" data-index=\"0\" ><div\n\t\t\t\n\t\t\tclass=\"so-widget-sow-image so-widget-sow-image-default-dbf295114b96-664739\"\n\t\t\t\n\t\t>\n<div class=\"sow-image-container\">\n\t\t<img decoding=\"async\" src=\"https:\/\/onyxgfx.com\/wp-content\/uploads\/2025\/06\/inner-banner.jpg\" width=\"1620\" height=\"521\" srcset=\"https:\/\/onyxgfx.com\/wp-content\/uploads\/2025\/06\/inner-banner.jpg 1620w, https:\/\/onyxgfx.com\/wp-content\/uploads\/2025\/06\/inner-banner-300x96.jpg 300w, https:\/\/onyxgfx.com\/wp-content\/uploads\/2025\/06\/inner-banner-1024x329.jpg 1024w, https:\/\/onyxgfx.com\/wp-content\/uploads\/2025\/06\/inner-banner-768x247.jpg 768w, https:\/\/onyxgfx.com\/wp-content\/uploads\/2025\/06\/inner-banner-1536x494.jpg 1536w\" sizes=\"(max-width: 1620px) 100vw, 1620px\" alt=\"Abstract geometric background with overlapping blue and navy diagonal shapes and lines, ideal for printing projects or use with Onyx Graphics software.\" class=\"so-widget-image\" title=\"\">\n\t<\/div>\n\n<\/div><\/div><div id=\"panel-664739-0-0-1\" class=\"so-panel widget widget_sow-image\" data-index=\"1\" ><div\n\t\t\t\n\t\t\tclass=\"so-widget-sow-image so-widget-sow-image-default-dbf295114b96-664739\"\n\t\t\t\n\t\t>\n<div class=\"sow-image-container\">\n\t\t<img decoding=\"async\" src=\"https:\/\/onyxgfx.com\/wp-content\/uploads\/2025\/06\/inner-banner.jpg\" width=\"1620\" height=\"521\" srcset=\"https:\/\/onyxgfx.com\/wp-content\/uploads\/2025\/06\/inner-banner.jpg 1620w, https:\/\/onyxgfx.com\/wp-content\/uploads\/2025\/06\/inner-banner-300x96.jpg 300w, https:\/\/onyxgfx.com\/wp-content\/uploads\/2025\/06\/inner-banner-1024x329.jpg 1024w, https:\/\/onyxgfx.com\/wp-content\/uploads\/2025\/06\/inner-banner-768x247.jpg 768w, https:\/\/onyxgfx.com\/wp-content\/uploads\/2025\/06\/inner-banner-1536x494.jpg 1536w\" sizes=\"(max-width: 1620px) 100vw, 1620px\" alt=\"Abstract geometric background with overlapping blue and navy diagonal shapes and lines, ideal for printing projects or use with Onyx Graphics software.\" class=\"so-widget-image\" title=\"\">\n\t<\/div>\n\n<\/div><\/div><div id=\"panel-664739-0-0-2\" class=\"so-panel widget widget_siteorigin-panels-builder panel-last-child\" data-index=\"2\" ><div id=\"pl-w687963327ef40\"  class=\"panel-layout\" ><div id=\"pg-w687963327ef40-0\"  class=\"panel-grid panel-no-style\" ><div id=\"pgc-w687963327ef40-0-0\"  class=\"panel-grid-cell\" ><div id=\"panel-w687963327ef40-0-0-0\" class=\"so-panel widget widget_sow-editor panel-first-child panel-last-child\" data-index=\"0\" ><div class=\"aos-init panel-widget-style panel-widget-style-for-w687963327ef40-0-0-0\" data-aos=\"fade-up\" data-aos-duration=\"600\" data-aos-easing=\"linear\" data-aos-delay=\"300\" data-aos-anchor-placement=\"top-bottom\" data-aos-once=\"true\" ><div\n\t\t\t\n\t\t\tclass=\"so-widget-sow-editor so-widget-sow-editor-base\"\n\t\t\t\n\t\t>\n<div class=\"siteorigin-widget-tinymce textwidget\">\n\t<h1 style=\"text-align: center;\">D\u00e9coupage<\/h1>\n<h4 style=\"text-align: center;\">Integrated Print-and-Cut Workflows for Consistent Results<\/h4>\n<p style=\"text-align: center;\"><a class=\"button white-blue\" href=\"https:\/\/onyxgfx.com\/free-trial\/\">En savoir plus<\/a><\/p>\n<\/div>\n<\/div><\/div><\/div><\/div><\/div><\/div><\/div><\/div><\/div><\/div><\/div><div id=\"pg-664739-1\"  class=\"panel-grid panel-has-style\" ><div class=\"top-gap bottom-gap panel-row-style panel-row-style-for-664739-1\" ><div id=\"pgc-664739-1-0\"  class=\"panel-grid-cell\" ><div id=\"panel-664739-1-0-0\" class=\"so-panel widget widget_siteorigin-panels-builder panel-first-child panel-last-child\" data-index=\"3\" ><div id=\"pl-w68796332872ee\"  class=\"panel-layout\" ><div id=\"pg-w68796332872ee-0\"  class=\"panel-grid panel-no-style\" ><div id=\"pgc-w68796332872ee-0-0\"  class=\"panel-grid-cell\" ><div id=\"panel-w68796332872ee-0-0-0\" class=\"so-panel widget widget_sow-editor panel-first-child panel-last-child\" data-index=\"0\" ><div\n\t\t\t\n\t\t\tclass=\"so-widget-sow-editor so-widget-sow-editor-base\"\n\t\t\t\n\t\t>\n<div class=\"siteorigin-widget-tinymce textwidget\">\n\t<h2>Enhanced Nesting Control<\/h2>\n<p>Choose automated nesting to conserve media, use Layout Tool for manual nesting, or save up to 50% media usage through ONYX TruFit shape-based nesting for cut files.<\/p>\n<h5>Eliminate bottlenecks with record RIP speeds<\/h5>\n<p>&nbsp;<\/p>\n<p><a class=\"button\" href=\"\/products\/onyx-trufit\/\">ONYX Trufit<\/a><\/p>\n<\/div>\n<\/div><\/div><\/div><div id=\"pgc-w68796332872ee-0-1\"  class=\"panel-grid-cell\" ><div id=\"panel-w68796332872ee-0-1-0\" class=\"so-panel widget widget_sow-image panel-first-child panel-last-child\" data-index=\"1\" ><div\n\t\t\t\n\t\t\tclass=\"so-widget-sow-image so-widget-sow-image-default-c67d20f9f743\"\n\t\t\t\n\t\t>\n<div class=\"sow-image-container\">\n\t\t<img \n\tsrc=\"https:\/\/onyxgfx.com\/wp-content\/uploads\/2022\/07\/Frog-e1658868564301.png\" width=\"450\" height=\"391\" srcset=\"https:\/\/onyxgfx.com\/wp-content\/uploads\/2022\/07\/Frog-e1658868564301.png 450w, https:\/\/onyxgfx.com\/wp-content\/uploads\/2022\/07\/Frog-e1658868564301-300x261.png 300w, https:\/\/onyxgfx.com\/wp-content\/uploads\/2022\/07\/Frog-e1658868564301-180x156.png 180w\" sizes=\"(max-width: 450px) 100vw, 450px\" title=\"Frog\" alt=\"A green frog with orange feet and toes, viewed from above, against a white background with a pink outline\u2014perfect for cutting or printing projects using Onyx Graphics.\" \t\tclass=\"so-widget-image\"\/>\n\t<\/div>\n\n<\/div><\/div><\/div><\/div><\/div><\/div><\/div><\/div><\/div><div id=\"pg-664739-2\"  class=\"panel-grid panel-has-style\" ><div class=\"siteorigin-panels-stretch panel-row-style panel-row-style-for-664739-2\" data-stretch-type=\"full\" ><div class=\"so-panels-full-wrapper\" ><div id=\"pgc-664739-2-0\"  class=\"panel-grid-cell\" ><div id=\"panel-664739-2-0-0\" class=\"so-panel widget widget_sow-editor panel-first-child panel-last-child\" data-index=\"4\" ><div\n\t\t\t\n\t\t\tclass=\"so-widget-sow-editor so-widget-sow-editor-base\"\n\t\t\t\n\t\t>\n<div class=\"siteorigin-widget-tinymce textwidget\">\n\t<h5>Compatible with 2000+ Printers and Cutters<\/h5>\n<\/div>\n<\/div><\/div><\/div><div id=\"pgc-664739-2-1\"  class=\"panel-grid-cell\" ><div id=\"panel-664739-2-1-0\" class=\"so-panel widget widget_sow-image panel-first-child panel-last-child\" data-index=\"5\" ><div\n\t\t\t\n\t\t\tclass=\"so-widget-sow-image so-widget-sow-image-default-8b5b6f678277-664739\"\n\t\t\t\n\t\t>\n<div class=\"sow-image-container\">\n\t\t<img \n\tsrc=\"https:\/\/onyxgfx.com\/wp-content\/uploads\/2025\/07\/Screenshot-2025-04-17-at-110621 PM-1.png\" width=\"758\" height=\"79\" srcset=\"https:\/\/onyxgfx.com\/wp-content\/uploads\/2025\/07\/Screenshot-2025-04-17-at-110621%20PM-1.png 758w, https:\/\/onyxgfx.com\/wp-content\/uploads\/2025\/07\/Screenshot-2025-04-17-at-110621%20PM-1-300x31.png 300w\" sizes=\"(max-width: 758px) 100vw, 758px\" title=\"Screenshot 2025-04-17 at 110621 PM 1\" alt=\"Logos of six printer brands in a row\u2014Mimaki, HP, Epson, Brother, Fujifilm, and Canon\u2014are displayed in grayscale, representing top choices for professional Printing and RIP Software like Onyx Graphics.\" \t\tclass=\"so-widget-image\"\/>\n\t<\/div>\n\n<\/div><\/div><\/div><\/div><\/div><\/div><div id=\"pg-664739-3\"  class=\"panel-grid panel-has-style\" ><div class=\"advantages-section top-gap bottom-gap siteorigin-panels-stretch panel-row-style panel-row-style-for-664739-3\" data-stretch-type=\"full\" ><div class=\"so-panels-full-wrapper\" ><div id=\"pgc-664739-3-0\"  class=\"panel-grid-cell\" ><div id=\"panel-664739-3-0-0\" class=\"so-panel widget widget_sow-editor panel-first-child\" data-index=\"6\" ><div class=\"bottom-gap-small panel-widget-style panel-widget-style-for-664739-3-0-0\" ><div\n\t\t\t\n\t\t\tclass=\"so-widget-sow-editor so-widget-sow-editor-base\"\n\t\t\t\n\t\t>\n<div class=\"siteorigin-widget-tinymce textwidget\">\n\t<h2>Why Choose ONYX RIP Software for Wrapping?<\/h2>\n<\/div>\n<\/div><\/div><\/div><div id=\"panel-664739-3-0-1\" class=\"so-panel widget widget_sow-tabs panel-last-child\" data-index=\"7\" ><div\n\t\t\t\n\t\t\tclass=\"so-widget-sow-tabs so-widget-sow-tabs-default-23e75edd8bac-664739\"\n\t\t\t\n\t\t><div class=\"sow-tabs\">\n\t<div class=\"sow-tabs-tab-container\" role=\"tablist\">\n\t\t\t<div\n\t\t\tclass=\"sow-tabs-tab\t\t\t sow-tabs-tab-selected\"\n\t\t\trole=\"tab\"\n\t\t\tdata-anchor-id=\"comprehensive-cutting-tools\"\n\t\t\taria-selected=\"true\"\n\t\t\ttabindex=\"0\"\n\t\t>\n\t\t\t<div class=\"sow-tabs-title sow-tabs-title-icon-left\">\n\t\t\t\t\t\t\t\tComprehensive Cutting Tools\t\t\t\t\t\t\t<\/div>\n\t\t<\/div>\n\t\t\t<div\n\t\t\tclass=\"sow-tabs-tab\"\n\t\t\trole=\"tab\"\n\t\t\tdata-anchor-id=\"cut-path-management\"\n\t\t\taria-selected=\"false\"\n\t\t\ttabindex=\"0\"\n\t\t>\n\t\t\t<div class=\"sow-tabs-title sow-tabs-title-icon-left\">\n\t\t\t\t\t\t\t\tCut Path Management\t\t\t\t\t\t\t<\/div>\n\t\t<\/div>\n\t\t\t<div\n\t\t\tclass=\"sow-tabs-tab\"\n\t\t\trole=\"tab\"\n\t\t\tdata-anchor-id=\"seamless-print-and-cut-workflow\"\n\t\t\taria-selected=\"false\"\n\t\t\ttabindex=\"0\"\n\t\t>\n\t\t\t<div class=\"sow-tabs-title sow-tabs-title-icon-left\">\n\t\t\t\t\t\t\t\tSeamless Print-and-Cut Workflow\t\t\t\t\t\t\t<\/div>\n\t\t<\/div>\n\t\t<\/div>\n\n\t<div class=\"sow-tabs-panel-container\">\n\t\t\t<div class=\"sow-tabs-panel\">\n\t\t\t<div\n\t\t\t\tclass=\"sow-tabs-panel-content\"\n\t\t\t\trole=\"tabpanel\"\n\t\t\t\taria-hidden=\"false\"\n\t\t\t>\n\t\t\t\t<h4>Comprehensive Cutting Tools<\/h4>\n<ul>\n<li><strong>Print-and-Cut Automation:<\/strong> Seamlessly integrates printing and cutting processes, reducing manual intervention.<\/li>\n<li><strong>Cut-Only Workflows:<\/strong> Supports scenarios where only cutting is required, enhancing workflow flexibility.<\/li>\n<li><strong>Roll-to-Roll Support:<\/strong> Efficiently manages continuous media feeds, suitable for large-scale productions.<\/li>\n<li><strong>Flatbed Cutting Support:<\/strong> Optimized for flatbed printers, ensuring precise cuts on rigid materials.<\/li>\n<\/ul>\n\t\t\t<\/div>\n\t\t<\/div>\n\t\t\t<div class=\"sow-tabs-panel\">\n\t\t\t<div\n\t\t\t\tclass=\"sow-tabs-panel-content\"\n\t\t\t\trole=\"tabpanel\"\n\t\t\t\taria-hidden=\"true\"\n\t\t\t>\n\t\t\t\t<h4>Cut Path Management<\/h4>\n<ul>\n<li>Automatic Cut Path Recognition: Identifies cut paths directly from design files, streamlining setup.<\/li>\n<li>Named Spot Colors: Utilizes specific spot colors to define cut paths, ensuring accuracy.<\/li>\n<li>Multi-Layer Support: Handles designs with multiple layers, allowing complex cutting operations.<\/li>\n<li><\/li>\n<li>Large Cut File Previews: Provides detailed previews of cut files, aiding in verification before production.<\/li>\n<\/ul>\n\t\t\t<\/div>\n\t\t<\/div>\n\t\t\t<div class=\"sow-tabs-panel\">\n\t\t\t<div\n\t\t\t\tclass=\"sow-tabs-panel-content\"\n\t\t\t\trole=\"tabpanel\"\n\t\t\t\taria-hidden=\"true\"\n\t\t\t>\n\t\t\t\t<h4>Nesting and Trimming Controls<\/h4>\n<ul>\n<li><strong>Enhanced Nest Management:<\/strong> Offers manual and automated nesting options to optimize material usage.<\/li>\n<li><strong>Auto-Trim Functionality:<\/strong> Automatically trims excess material, particularly useful for flatbed and DTG printing.<\/li>\n<li><strong>Nest Trim Box for Weeding:<\/strong> Defines areas for easy removal of excess material post-cutting.<\/li>\n<li><strong>Auto Image Cropping:<\/strong> Removes unwanted marks or bleed areas, ensuring clean final products.<\/li>\n<\/ul>\n\t\t\t<\/div>\n\t\t<\/div>\n\t\t<\/div>\n<\/div>\n<\/div><\/div><\/div><\/div><\/div><\/div><div id=\"pg-664739-4\"  class=\"panel-grid panel-has-style\" ><div class=\"out-product top-gap bottom-gap panel-row-style panel-row-style-for-664739-4\" ><div id=\"pgc-664739-4-0\"  class=\"panel-grid-cell\" ><div id=\"panel-664739-4-0-0\" class=\"so-panel widget widget_siteorigin-panels-builder panel-first-child panel-last-child\" data-index=\"8\" ><div id=\"pl-w68898c7740895\"  class=\"panel-layout\" ><div id=\"pg-w68898c7740895-0\"  class=\"panel-grid panel-has-style\" ><div class=\"aos-init row-gap panel-row-style panel-row-style-for-w68898c7740895-0\" data-aos=\"fade-up\" data-aos-duration=\"600\" data-aos-easing=\"linear\" data-aos-delay=\"300\" data-aos-anchor-placement=\"top-bottom\" data-aos-once=\"true\" ><div id=\"pgc-w68898c7740895-0-0\"  class=\"panel-grid-cell\" ><div id=\"panel-w68898c7740895-0-0-0\" class=\"so-panel widget widget_sow-editor panel-first-child panel-last-child\" data-index=\"0\" ><div\n\t\t\t\n\t\t\tclass=\"so-widget-sow-editor so-widget-sow-editor-base\"\n\t\t\t\n\t\t>\n<div class=\"siteorigin-widget-tinymce textwidget\">\n\t<h3 style=\"text-align: center;\">Compatibilit\u00e9<\/h3>\n<\/div>\n<\/div><\/div><\/div><\/div><\/div><div id=\"pg-w68898c7740895-1\"  class=\"panel-grid panel-has-style\" ><div class=\"aos-init panel-row-style panel-row-style-for-w68898c7740895-1\" data-aos=\"fade-up\" data-aos-duration=\"600\" data-aos-easing=\"linear\" data-aos-delay=\"300\" data-aos-anchor-placement=\"top-bottom\" data-aos-once=\"true\" ><div id=\"pgc-w68898c7740895-1-0\"  class=\"panel-grid-cell\" ><div id=\"panel-w68898c7740895-1-0-0\" class=\"so-panel widget widget_sow-tabs panel-first-child panel-last-child\" data-index=\"1\" ><div\n\t\t\t\n\t\t\tclass=\"so-widget-sow-tabs so-widget-sow-tabs-default-d5ddf2a8135d\"\n\t\t\t\n\t\t><div class=\"sow-tabs\">\n\t<div class=\"sow-tabs-tab-container\" role=\"tablist\">\n\t\t\t<div\n\t\t\tclass=\"sow-tabs-tab\t\t\t sow-tabs-tab-selected\"\n\t\t\trole=\"tab\"\n\t\t\tdata-anchor-id=\"onyx-thrive\"\n\t\t\taria-selected=\"true\"\n\t\t\ttabindex=\"0\"\n\t\t>\n\t\t\t<div class=\"sow-tabs-title sow-tabs-title-icon-left\">\n\t\t\t\t\t\t\t\tONYX Thrive\t\t\t\t\t\t\t<\/div>\n\t\t<\/div>\n\t\t\t<div\n\t\t\tclass=\"sow-tabs-tab\"\n\t\t\trole=\"tab\"\n\t\t\tdata-anchor-id=\"onyx-go\"\n\t\t\taria-selected=\"false\"\n\t\t\ttabindex=\"0\"\n\t\t>\n\t\t\t<div class=\"sow-tabs-title sow-tabs-title-icon-left\">\n\t\t\t\t\t\t\t\tONYX Go\t\t\t\t\t\t\t<\/div>\n\t\t<\/div>\n\t\t\t<div\n\t\t\tclass=\"sow-tabs-tab\"\n\t\t\trole=\"tab\"\n\t\t\tdata-anchor-id=\"onyx-trufit\"\n\t\t\taria-selected=\"false\"\n\t\t\ttabindex=\"0\"\n\t\t>\n\t\t\t<div class=\"sow-tabs-title sow-tabs-title-icon-left\">\n\t\t\t\t\t\t\t\tONYX TruFit\t\t\t\t\t\t\t<\/div>\n\t\t<\/div>\n\t\t\t<div\n\t\t\tclass=\"sow-tabs-tab\"\n\t\t\trole=\"tab\"\n\t\t\tdata-anchor-id=\"onyx-rip-products\"\n\t\t\taria-selected=\"false\"\n\t\t\ttabindex=\"0\"\n\t\t>\n\t\t\t<div class=\"sow-tabs-title sow-tabs-title-icon-left\">\n\t\t\t\t\t\t\t\tProduits ONYX RIP\t\t\t\t\t\t\t<\/div>\n\t\t<\/div>\n\t\t<\/div>\n\n\t<div class=\"sow-tabs-panel-container\">\n\t\t\t<div class=\"sow-tabs-panel\">\n\t\t\t<div\n\t\t\t\tclass=\"sow-tabs-panel-content\"\n\t\t\t\trole=\"tabpanel\"\n\t\t\t\taria-hidden=\"false\"\n\t\t\t>\n\t\t\t\t<div id=\"pl-wa5f30c4e\"  class=\"panel-layout\" ><div id=\"pg-wa5f30c4e-0\"  class=\"panel-grid panel-has-style\" ><div class=\"panel-row-style panel-row-style-for-wa5f30c4e-0\" ><div id=\"pgc-wa5f30c4e-0-0\"  class=\"panel-grid-cell\" ><div class=\"panel-cell-style panel-cell-style-for-wa5f30c4e-0-0\" ><div id=\"panel-wa5f30c4e-0-0-0\" class=\"so-panel widget widget_sow-editor panel-first-child panel-last-child\" data-index=\"0\" ><div class=\"checklist panel-widget-style panel-widget-style-for-wa5f30c4e-0-0-0\" ><div\n\t\t\t\n\t\t\tclass=\"so-widget-sow-editor so-widget-sow-editor-base\"\n\t\t\t\n\t\t>\n<div class=\"siteorigin-widget-tinymce textwidget\">\n\t<h3>ONYX Thrive<\/h3>\n<p>ONYX Advantage est un abonnement annuel qui vous offre tout ce dont vous avez besoin pour que vos op\u00e9rations d'impression se d\u00e9roulent de mani\u00e8re fluide et efficace, tout en vous aidant \u00e0 planifier des co\u00fbts pr\u00e9visibles.<\/p>\n<ul>\n<li>Acc\u00e8s aux derni\u00e8res mises \u00e0 jour et fonctionnalit\u00e9s du logiciel ONYX<\/li>\n<li>Support technique d\u00e9di\u00e9 pour minimiser les temps d'arr\u00eat et maintenir les performances<\/li>\n<li>Outils avanc\u00e9s de gestion des couleurs et de suivi des travaux pour am\u00e9liorer la productivit\u00e9 et le contr\u00f4le de la qualit\u00e9<\/li>\n<\/ul>\n<p><a class=\"button navy-blue\" href=\"\/products\/onyx-trufit\/\">En savoir plus<\/a><\/p>\n<\/div>\n<\/div><\/div><\/div><\/div><\/div><div id=\"pgc-wa5f30c4e-0-1\"  class=\"panel-grid-cell\" ><div id=\"panel-wa5f30c4e-0-1-0\" class=\"so-panel widget widget_sow-image panel-first-child panel-last-child\" data-index=\"1\" ><div class=\"panel-widget-style panel-widget-style-for-wa5f30c4e-0-1-0\" ><div\n\t\t\t\n\t\t\tclass=\"so-widget-sow-image so-widget-sow-image-default-c67d20f9f743\"\n\t\t\t\n\t\t>\n<div class=\"sow-image-container\">\n\t\t<img \n\tsrc=\"https:\/\/onyxgfx.com\/wp-content\/uploads\/2025\/06\/IMG-1.png\" width=\"492\" height=\"468\" srcset=\"https:\/\/onyxgfx.com\/wp-content\/uploads\/2025\/06\/IMG-1.png 492w, https:\/\/onyxgfx.com\/wp-content\/uploads\/2025\/06\/IMG-1-300x285.png 300w\" sizes=\"(max-width: 492px) 100vw, 492px\" title=\"IMG 1\" alt=\"A computer monitor displays file management and RIP Software, with overlay icons representing folders, a user, and puzzle pieces.\" \t\tclass=\"so-widget-image\"\/>\n\t<\/div>\n\n<\/div><\/div><\/div><\/div><\/div><\/div><\/div>\t\t\t<\/div>\n\t\t<\/div>\n\t\t\t<div class=\"sow-tabs-panel\">\n\t\t\t<div\n\t\t\t\tclass=\"sow-tabs-panel-content\"\n\t\t\t\trole=\"tabpanel\"\n\t\t\t\taria-hidden=\"true\"\n\t\t\t>\n\t\t\t\t<div id=\"pl-w0313c97f\"  class=\"panel-layout\" ><div id=\"pg-w0313c97f-0\"  class=\"panel-grid panel-has-style\" ><div class=\"panel-row-style panel-row-style-for-w0313c97f-0\" ><div id=\"pgc-w0313c97f-0-0\"  class=\"panel-grid-cell\" ><div class=\"panel-cell-style panel-cell-style-for-w0313c97f-0-0\" ><div id=\"panel-w0313c97f-0-0-0\" class=\"so-panel widget widget_sow-editor panel-first-child panel-last-child\" data-index=\"0\" ><div class=\"checklist panel-widget-style panel-widget-style-for-w0313c97f-0-0-0\" ><div\n\t\t\t\n\t\t\tclass=\"so-widget-sow-editor so-widget-sow-editor-base\"\n\t\t\t\n\t\t>\n<div class=\"siteorigin-widget-tinymce textwidget\">\n\t<h3>ONYX Go<\/h3>\n<ul>\n<li>Abonnement mensuel, sans contrat, \u00e0 ONYX RIP<\/li>\n<li>Imbrication automatique pour la conservation des m\u00e9dias<\/li>\n<li>Sets rapides pour l'automatisation disponibles<\/li>\n<\/ul>\n<p><a class=\"button navy-blue\" href=\"\/products\/onyx-go\/\">En savoir plus<\/a><\/p>\n<\/div>\n<\/div><\/div><\/div><\/div><\/div><div id=\"pgc-w0313c97f-0-1\"  class=\"panel-grid-cell\" ><div id=\"panel-w0313c97f-0-1-0\" class=\"so-panel widget widget_sow-image panel-first-child panel-last-child\" data-index=\"1\" ><div class=\"panel-widget-style panel-widget-style-for-w0313c97f-0-1-0\" ><div\n\t\t\t\n\t\t\tclass=\"so-widget-sow-image so-widget-sow-image-default-c67d20f9f743\"\n\t\t\t\n\t\t>\n<div class=\"sow-image-container\">\n\t\t<img decoding=\"async\" src=\"https:\/\/onyxgfx.com\/wp-content\/uploads\/2024\/10\/go-tab-image.png\" width=\"613\" height=\"419\" srcset=\"https:\/\/onyxgfx.com\/wp-content\/uploads\/2024\/10\/go-tab-image.png 613w, https:\/\/onyxgfx.com\/wp-content\/uploads\/2024\/10\/go-tab-image-300x205.png 300w\" sizes=\"(max-width: 613px) 100vw, 613px\" alt=\"A woman in a red blazer smiles while using a tablet, with Printing software interface and blue technology icons overlaid in the background.\" class=\"so-widget-image\" title=\"\">\n\t<\/div>\n\n<\/div><\/div><\/div><\/div><\/div><\/div><\/div>\t\t\t<\/div>\n\t\t<\/div>\n\t\t\t<div class=\"sow-tabs-panel\">\n\t\t\t<div\n\t\t\t\tclass=\"sow-tabs-panel-content\"\n\t\t\t\trole=\"tabpanel\"\n\t\t\t\taria-hidden=\"true\"\n\t\t\t>\n\t\t\t\t<div id=\"pl-w9f6afa86\"  class=\"panel-layout\" ><div id=\"pg-w9f6afa86-0\"  class=\"panel-grid panel-has-style\" ><div class=\"panel-row-style panel-row-style-for-w9f6afa86-0\" ><div id=\"pgc-w9f6afa86-0-0\"  class=\"panel-grid-cell\" ><div class=\"panel-cell-style panel-cell-style-for-w9f6afa86-0-0\" ><div id=\"panel-w9f6afa86-0-0-0\" class=\"so-panel widget widget_sow-editor panel-first-child panel-last-child\" data-index=\"0\" ><div class=\"checklist panel-widget-style panel-widget-style-for-w9f6afa86-0-0-0\" ><div\n\t\t\t\n\t\t\tclass=\"so-widget-sow-editor so-widget-sow-editor-base\"\n\t\t\t\n\t\t>\n<div class=\"siteorigin-widget-tinymce textwidget\">\n\t<h3>ONYX TruFit<\/h3>\n<p>L'imbrication automatis\u00e9e bas\u00e9e sur les formes et une suite d'outils de dessin de B\u00e9zier qui peuvent r\u00e9duire l'utilisation des supports jusqu'\u00e0 50%. Cr\u00e9ez des fichiers PDF pr\u00eats \u00e0 l'impression pour toute solution RIP grand format disponible aujourd'hui.<\/p>\n<p><a class=\"button\" href=\"https:\/\/onyxgfx.com\/products\/onyx-trufit\/\">En savoir plus<\/a><\/p>\n<\/div>\n<\/div><\/div><\/div><\/div><\/div><div id=\"pgc-w9f6afa86-0-1\"  class=\"panel-grid-cell\" ><div id=\"panel-w9f6afa86-0-1-0\" class=\"so-panel widget widget_sow-image panel-first-child panel-last-child\" data-index=\"1\" ><div class=\"panel-widget-style panel-widget-style-for-w9f6afa86-0-1-0\" ><div\n\t\t\t\n\t\t\tclass=\"so-widget-sow-image so-widget-sow-image-default-c67d20f9f743\"\n\t\t\t\n\t\t>\n<div class=\"sow-image-container\">\n\t\t<img decoding=\"async\" src=\"https:\/\/onyxgfx.com\/wp-content\/uploads\/2025\/07\/Group-175759png.png\" width=\"538\" height=\"357\" srcset=\"https:\/\/onyxgfx.com\/wp-content\/uploads\/2025\/07\/Group-175759png.png 538w, https:\/\/onyxgfx.com\/wp-content\/uploads\/2025\/07\/Group-175759png-300x199.png 300w\" sizes=\"(max-width: 538px) 100vw, 538px\" alt=\"A desktop monitor and a laptop display graphic design software alongside RIP Software, showcasing illustrations, graphs, and icons on their screens\u2014perfect for printing and cutting projects.\" class=\"so-widget-image\" title=\"\">\n\t<\/div>\n\n<\/div><\/div><\/div><\/div><\/div><\/div><\/div>\t\t\t<\/div>\n\t\t<\/div>\n\t\t\t<div class=\"sow-tabs-panel\">\n\t\t\t<div\n\t\t\t\tclass=\"sow-tabs-panel-content\"\n\t\t\t\trole=\"tabpanel\"\n\t\t\t\taria-hidden=\"true\"\n\t\t\t>\n\t\t\t\t<div id=\"pl-wd63e039a\"  class=\"panel-layout\" ><div id=\"pg-wd63e039a-0\"  class=\"panel-grid panel-has-style\" ><div class=\"panel-row-style panel-row-style-for-wd63e039a-0\" ><div id=\"pgc-wd63e039a-0-0\"  class=\"panel-grid-cell\" ><div class=\"panel-cell-style panel-cell-style-for-wd63e039a-0-0\" ><div id=\"panel-wd63e039a-0-0-0\" class=\"so-panel widget widget_sow-editor panel-first-child panel-last-child\" data-index=\"0\" ><div class=\"checklist panel-widget-style panel-widget-style-for-wd63e039a-0-0-0\" ><div\n\t\t\t\n\t\t\tclass=\"so-widget-sow-editor so-widget-sow-editor-base\"\n\t\t\t\n\t\t>\n<div class=\"siteorigin-widget-tinymce textwidget\">\n\t<h3>Produits ONYX RIP<\/h3>\n<p>Les solutions de gestion d'entreprise ONYX sont con\u00e7ues pour fonctionner main dans la main avec notre logiciel RIP leader de l'industrie - cr\u00e9ant un \u00e9cosyst\u00e8me transparent qui relie chaque partie de votre imprimerie, du d\u00e9but \u00e0 la fin.<\/p>\n<ul>\n<li>Tout ce dont vous avez besoin pour g\u00e9rer un atelier d'impression ou une gestion compl\u00e8te de l'atelier d'impression<\/li>\n<li>Fonctionnalit\u00e9s personnalisables pour une meilleure performance<\/li>\n<li>Int\u00e9gration compl\u00e8te avec QuickBooks Online<\/li>\n<li>ONYX Align est votre solution unique de gestion de la production d'imprim\u00e9s en ligne.<\/li>\n<li>ONYX Sync vous aide \u00e0 atteindre l'automatisation gr\u00e2ce \u00e0 une connectivit\u00e9 API avanc\u00e9e<\/li>\n<li>Nos solutions commerciales cr\u00e9ent un \u00e9cosyst\u00e8me complet du d\u00e9but \u00e0 la fin<\/li>\n<\/ul>\n<p><a class=\"button navy-blue\" href=\"\/business-management-solutions\/\">Explorer notre \u00e9cosyst\u00e8me<\/a><\/p>\n<\/div>\n<\/div><\/div><\/div><\/div><\/div><div id=\"pgc-wd63e039a-0-1\"  class=\"panel-grid-cell\" ><div id=\"panel-wd63e039a-0-1-0\" class=\"so-panel widget widget_sow-image panel-first-child panel-last-child\" data-index=\"1\" ><div class=\"panel-widget-style panel-widget-style-for-wd63e039a-0-1-0\" ><div\n\t\t\t\n\t\t\tclass=\"so-widget-sow-image so-widget-sow-image-default-c67d20f9f743\"\n\t\t\t\n\t\t>\n<div class=\"sow-image-container\">\n\t\t<img decoding=\"async\" src=\"https:\/\/onyxgfx.com\/wp-content\/uploads\/2025\/06\/IMG.png\" width=\"533\" height=\"468\" srcset=\"https:\/\/onyxgfx.com\/wp-content\/uploads\/2025\/06\/IMG.png 533w, https:\/\/onyxgfx.com\/wp-content\/uploads\/2025\/06\/IMG-300x263.png 300w\" sizes=\"(max-width: 533px) 100vw, 533px\" alt=\"A woman in a lavender sweater uses a laptop, with three floating business-related icons\u2014cycle arrows, a dollar sign with calculator, and directional arrows\u2014beside her, representing key aspects of printing and cutting workflows from Onyx Graphics.\" class=\"so-widget-image\" title=\"\">\n\t<\/div>\n\n<\/div><\/div><\/div><\/div><\/div><\/div><\/div>\t\t\t<\/div>\n\t\t<\/div>\n\t\t<\/div>\n<\/div>\n<\/div><\/div><\/div><\/div><\/div><\/div><\/div><\/div><\/div><\/div><\/div>","protected":false},"excerpt":{"rendered":"<p>Cutting Integrated Print-and-Cut Workflows for Consistent Results Learn More Enhanced Nesting Control Choose automated nesting to conserve media, use Layout Tool for manual nesting, or save up to 50% media usage through ONYX TruFit shape-based&#8230; <br \/><a class=\"read-more\" title=\"LIRE LA SUITE\" href=\"https:\/\/onyxgfx.com\/fr\/cutting\/\">Lire la suite<\/a><\/p>","protected":false},"author":5518,"featured_media":0,"parent":0,"menu_order":0,"comment_status":"closed","ping_status":"closed","template":"","meta":{"_acf_changed":false,"inline_featured_image":false,"_genesis_hide_title":false,"_genesis_hide_breadcrumbs":false,"_genesis_hide_singular_image":false,"_genesis_hide_footer_widgets":false,"_genesis_custom_body_class":"","_genesis_custom_post_class":"","_genesis_layout":"","footnotes":""},"class_list":{"0":"post-664739","1":"page","2":"type-page","3":"status-publish","5":"entry"},"acf":[],"_links":{"self":[{"href":"https:\/\/onyxgfx.com\/fr\/wp-json\/wp\/v2\/pages\/664739","targetHints":{"allow":["GET"]}}],"collection":[{"href":"https:\/\/onyxgfx.com\/fr\/wp-json\/wp\/v2\/pages"}],"about":[{"href":"https:\/\/onyxgfx.com\/fr\/wp-json\/wp\/v2\/types\/page"}],"author":[{"embeddable":true,"href":"https:\/\/onyxgfx.com\/fr\/wp-json\/wp\/v2\/users\/5518"}],"replies":[{"embeddable":true,"href":"https:\/\/onyxgfx.com\/fr\/wp-json\/wp\/v2\/comments?post=664739"}],"version-history":[{"count":0,"href":"https:\/\/onyxgfx.com\/fr\/wp-json\/wp\/v2\/pages\/664739\/revisions"}],"wp:attachment":[{"href":"https:\/\/onyxgfx.com\/fr\/wp-json\/wp\/v2\/media?parent=664739"}],"curies":[{"name":"wp","href":"https:\/\/api.w.org\/{rel}","templated":true}]}}