{"id":250,"date":"2021-08-13T15:35:43","date_gmt":"2021-08-13T15:35:43","guid":{"rendered":"https:\/\/localhost\/onyx\/?page_id=250"},"modified":"2025-12-13T19:47:38","modified_gmt":"2025-12-14T02:47:38","slug":"training-center","status":"publish","type":"page","link":"https:\/\/onyxgfx.com\/pt\/training-center\/","title":{"rendered":"Centro de forma\u00e7\u00e3o"},"content":{"rendered":"<h1>Centro de forma\u00e7\u00e3o<\/h1>","protected":false},"excerpt":{"rendered":"<p>Centro de forma\u00e7\u00e3o<\/p>","protected":false},"author":5518,"featured_media":0,"parent":0,"menu_order":0,"comment_status":"closed","ping_status":"closed","template":"","meta":{"_acf_changed":false,"inline_featured_image":false,"_genesis_hide_title":false,"_genesis_hide_breadcrumbs":false,"_genesis_hide_singular_image":false,"_genesis_hide_footer_widgets":false,"_genesis_custom_body_class":"","_genesis_custom_post_class":"","_genesis_layout":"","footnotes":""},"class_list":{"0":"post-250","1":"page","2":"type-page","3":"status-publish","5":"entry","6":"has-post-thumbnail"},"acf":[],"_links":{"self":[{"href":"https:\/\/onyxgfx.com\/pt\/wp-json\/wp\/v2\/pages\/250","targetHints":{"allow":["GET"]}}],"collection":[{"href":"https:\/\/onyxgfx.com\/pt\/wp-json\/wp\/v2\/pages"}],"about":[{"href":"https:\/\/onyxgfx.com\/pt\/wp-json\/wp\/v2\/types\/page"}],"author":[{"embeddable":true,"href":"https:\/\/onyxgfx.com\/pt\/wp-json\/wp\/v2\/users\/5518"}],"replies":[{"embeddable":true,"href":"https:\/\/onyxgfx.com\/pt\/wp-json\/wp\/v2\/comments?post=250"}],"version-history":[{"count":0,"href":"https:\/\/onyxgfx.com\/pt\/wp-json\/wp\/v2\/pages\/250\/revisions"}],"wp:attachment":[{"href":"https:\/\/onyxgfx.com\/pt\/wp-json\/wp\/v2\/media?parent=250"}],"curies":[{"name":"wp","href":"https:\/\/api.w.org\/{rel}","templated":true}]}}